{"id":2240,"date":"2021-02-15T23:24:09","date_gmt":"2021-02-16T05:24:09","guid":{"rendered":"https:\/\/www.rescotcreative.com\/?page_id=2240"},"modified":"2026-01-23T16:43:37","modified_gmt":"2026-01-23T22:43:37","slug":"about-the-artist","status":"publish","type":"page","link":"https:\/\/www.rescotcreative.com\/br\/about\/about-the-artist\/","title":{"rendered":"Sobre o artista"},"content":{"rendered":"\n<div class=\"wp-block-image\"><figure class=\"alignleft size-medium\"><img loading=\"lazy\" decoding=\"async\" width=\"200\" height=\"300\" src=\"https:\/\/www.rescotcreative.com\/wp-content\/uploads\/2020\/01\/UptownViolins-3998-200x300.jpg\" alt=\"Ashley Rescot profile with acoustic violin\" class=\"wp-image-374\" srcset=\"https:\/\/www.rescotcreative.com\/wp-content\/uploads\/2020\/01\/UptownViolins-3998-200x300.jpg 200w, https:\/\/www.rescotcreative.com\/wp-content\/uploads\/2020\/01\/UptownViolins-3998.jpg 600w\" sizes=\"auto, (max-width: 200px) 100vw, 200px\" \/><figcaption>Photography by Rachel Kabukala<\/figcaption><\/figure><\/div>\n\n\n\n<p>Ashley Rescot \u00e9 um violinista profissional, educador, escritor, e bolsista Fulbright. Tem dirigido o seu pr\u00f3prio est\u00fadio de violino h\u00e1 quase uma d\u00e9cada. Aficionada por m\u00fasica, pedagogia, fam\u00edlia, f\u00e9 e linguagem, ela escreve sobre a sua vida como m\u00fasico. Fique atento ao seu romance musical!<\/p>\n\n\n\n<p>Bacharelato em Interpreta\u00e7\u00e3o de Violino<br>Mestrado em Literatura Francesa<\/p>\n\n\n\n<p>Aos dois anos de idade, Ashley come\u00e7ou a tocar violino sob a tutela da sua m\u00e3e. Actua\u00e7\u00f5es familiares com a sua m\u00e3e, quatro irm\u00e3s, tias, primos e av\u00f3 constituem as suas mais queridas recorda\u00e7\u00f5es de inf\u00e2ncia.<\/p>\n\n\n\n<p>No seu \u00faltimo ano do liceu, Ashley serviu como concertista da sua sinfonia juvenil no Kansas e ganhou o concurso de concertos de jovens talentos a solo com a orquestra. Posteriormente, mudou-se para o Texas para a faculdade, onde recebeu um Bacharelato em interpreta\u00e7\u00e3o de violino e menores em franc\u00eas e ingl\u00eas.<\/p>\n\n\n\n<p>Para al\u00e9m do violino, Ashley desenvolveu uma paix\u00e3o pela m\u00fasica francesa, especialmente a francesa. Passou um ano no estrangeiro em Paris, Fran\u00e7a, como bolsista Fulbright, onde ensinou ingl\u00eas e colaborou com m\u00fasicos locais. A experi\u00eancia abriu-lhe os olhos para outra cultura que influenciou a sua perspectiva como artista criativa e educadora.<\/p>\n\n\n\n<p>Regressou ao Midwest para leccionar cursos de l\u00edngua francesa colegial e obter um mestrado em literatura francesa. Ap\u00f3s a gradua\u00e7\u00e3o, mudou-se para a \u00e1rea da grande Chicago, onde ensinou franc\u00eas numa universidade regional e criou o seu est\u00fadio privado de violino. Participou num comit\u00e9 de leitura e votou no Prix Robl\u00e8s, um pr\u00e9mio para romancistas franceses pela primeira vez. Ashley gostou de participar na cerim\u00f3nia de entrega de pr\u00e9mios em Blois, Fran\u00e7a, em 2013, onde conheceu a autora vencedora que tinha escrito um romance musical ambientado na Europa durante a Segunda Guerra Mundial.<\/p>\n\n\n\n<p>Hoje, Ashley adora trabalhar com os seus alunos, actuar com a fam\u00edlia e amigos, e escrever sobre todas as coisas de m\u00fasica e franc\u00eas. Ela gosta especialmente de passar tempo com o seu marido e dois filhos. Ela \u00e9 membro do seu grupo familiar Uptown Violins, o Blackwater String Ensemble, a sociedade de professores de m\u00fasica SSA, a associa\u00e7\u00e3o de escritores ACFW, e \u00e9 um m\u00fasico activo na sua igreja. Como artista e pedagoga veterana, ela esfor\u00e7a-se por transmitir o seu amor pela m\u00fasica e pela linguagem \u00e0 gera\u00e7\u00e3o seguinte.<\/p>\n","protected":false},"excerpt":{"rendered":"<p>Ashley Rescot &eacute; um violinista profissional, educador, escritor, e bolsista Fulbright. Tem dirigido o seu pr&oacute;prio est&uacute;dio de violino h&aacute; quase uma d&eacute;cada. Aficionada por m&uacute;sica, pedagogia, fam&iacute;lia, f&eacute; e linguagem, ela escreve sobre a sua vida como m&uacute;sico. Fique atento ao seu romance musical! Bacharelato em Interpreta&ccedil;&atilde;o de ViolinoMestrado em Literatura Francesa Aos dois &hellip; <\/p>\n<p class=\"link-more\"><a href=\"https:\/\/www.rescotcreative.com\/br\/about\/about-the-artist\/\" class=\"more-link\">Continue reading<span class=\"screen-reader-text\"> &#8220;Sobre o artista&#8221;<\/span><\/a><\/p>\n","protected":false},"author":2,"featured_media":374,"parent":9,"menu_order":0,"comment_status":"closed","ping_status":"closed","template":"","meta":{"footnotes":""},"class_list":["post-2240","page","type-page","status-publish","has-post-thumbnail","hentry"],"translation":{"provider":"WPGlobus","version":"3.0.2","language":"br","enabled_languages":["en","es","fr","de","it","br"],"languages":{"en":{"title":true,"content":true,"excerpt":false},"es":{"title":true,"content":true,"excerpt":false},"fr":{"title":true,"content":true,"excerpt":false},"de":{"title":true,"content":true,"excerpt":false},"it":{"title":true,"content":true,"excerpt":false},"br":{"title":true,"content":true,"excerpt":false}}},"post_mailing_queue_ids":[],"_links":{"self":[{"href":"https:\/\/www.rescotcreative.com\/br\/wp-json\/wp\/v2\/pages\/2240","targetHints":{"allow":["GET"]}}],"collection":[{"href":"https:\/\/www.rescotcreative.com\/br\/wp-json\/wp\/v2\/pages"}],"about":[{"href":"https:\/\/www.rescotcreative.com\/br\/wp-json\/wp\/v2\/types\/page"}],"author":[{"embeddable":true,"href":"https:\/\/www.rescotcreative.com\/br\/wp-json\/wp\/v2\/users\/2"}],"replies":[{"embeddable":true,"href":"https:\/\/www.rescotcreative.com\/br\/wp-json\/wp\/v2\/comments?post=2240"}],"version-history":[{"count":28,"href":"https:\/\/www.rescotcreative.com\/br\/wp-json\/wp\/v2\/pages\/2240\/revisions"}],"predecessor-version":[{"id":7006,"href":"https:\/\/www.rescotcreative.com\/br\/wp-json\/wp\/v2\/pages\/2240\/revisions\/7006"}],"up":[{"embeddable":true,"href":"https:\/\/www.rescotcreative.com\/br\/wp-json\/wp\/v2\/pages\/9"}],"wp:featuredmedia":[{"embeddable":true,"href":"https:\/\/www.rescotcreative.com\/br\/wp-json\/wp\/v2\/media\/374"}],"wp:attachment":[{"href":"https:\/\/www.rescotcreative.com\/br\/wp-json\/wp\/v2\/media?parent=2240"}],"curies":[{"name":"wp","href":"https:\/\/api.w.org\/{rel}","templated":true}]}}