{"id":2568,"date":"2021-03-01T13:37:48","date_gmt":"2021-03-01T19:37:48","guid":{"rendered":"https:\/\/www.rescotcreative.com\/?page_id=2568"},"modified":"2021-03-03T18:20:06","modified_gmt":"2021-03-04T00:20:06","slug":"skrzypce-studio-101","status":"publish","type":"page","link":"https:\/\/www.rescotcreative.com\/br\/violin-studio\/skrzypce-studio-101\/","title":{"rendered":"Studio Skrzypiec 101"},"content":{"rendered":"\n<figure class=\"wp-block-image size-large\"><img loading=\"lazy\" decoding=\"async\" width=\"900\" height=\"900\" src=\"https:\/\/www.rescotcreative.com\/wp-content\/uploads\/2021\/03\/Violin-Studio-101-PL.png\" alt=\"\" class=\"wp-image-2745\" srcset=\"https:\/\/www.rescotcreative.com\/wp-content\/uploads\/2021\/03\/Violin-Studio-101-PL.png 900w, https:\/\/www.rescotcreative.com\/wp-content\/uploads\/2021\/03\/Violin-Studio-101-PL-300x300.png 300w, https:\/\/www.rescotcreative.com\/wp-content\/uploads\/2021\/03\/Violin-Studio-101-PL-150x150.png 150w, https:\/\/www.rescotcreative.com\/wp-content\/uploads\/2021\/03\/Violin-Studio-101-PL-768x768.png 768w, https:\/\/www.rescotcreative.com\/wp-content\/uploads\/2021\/03\/Violin-Studio-101-PL-100x100.png 100w, https:\/\/www.rescotcreative.com\/wp-content\/uploads\/2021\/03\/Violin-Studio-101-PL-24x24.png 24w, https:\/\/www.rescotcreative.com\/wp-content\/uploads\/2021\/03\/Violin-Studio-101-PL-36x36.png 36w, https:\/\/www.rescotcreative.com\/wp-content\/uploads\/2021\/03\/Violin-Studio-101-PL-48x48.png 48w\" sizes=\"auto, (max-width: 767px) 89vw, (max-width: 1000px) 54vw, (max-width: 1071px) 543px, 580px\" \/><\/figure>\n\n\n\n<div class=\"wp-block-image\"><figure class=\"alignright size-medium\"><img loading=\"lazy\" decoding=\"async\" width=\"300\" height=\"200\" src=\"https:\/\/www.rescotcreative.com\/wp-content\/uploads\/2020\/01\/UptownViolins-4071-300x200.jpg\" alt=\"\" class=\"wp-image-376\" srcset=\"https:\/\/www.rescotcreative.com\/wp-content\/uploads\/2020\/01\/UptownViolins-4071-300x200.jpg 300w, https:\/\/www.rescotcreative.com\/wp-content\/uploads\/2020\/01\/UptownViolins-4071-768x512.jpg 768w, https:\/\/www.rescotcreative.com\/wp-content\/uploads\/2020\/01\/UptownViolins-4071.jpg 900w\" sizes=\"auto, (max-width: 300px) 100vw, 300px\" \/><\/figure><\/div>\n\n\n\n<p>Chcesz za\u0142o\u017cy\u0107 lub udoskonali\u0107 swoje studio skrzypcowe, ale nie wiesz od czego zacz\u0105\u0107? W dniu 10 marca, I&#8217;m sharing my Violin Studio 101 Course for FREE to my subscribers. Zapisz si\u0119 tutaj, a otrzymasz link do kursu i t\u0142umaczenia eBook w dniu premiery. Mo\u017cesz r\u00f3wnie\u017c zapisa\u0107 si\u0119 poprzez do\u0142\u0105czenie do jednej z moich grup What&#8217;sApp:<\/p>\n\n\n\n<figure class=\"wp-block-table\"><table><tbody><tr><td><\/td><td><div class=\"emaillist\" id=\"es_form_f1-n1\"><form action=\"\/br\/wp-json\/wp\/v2\/pages\/2568#es_form_f1-n1\" method=\"post\" class=\"es_subscription_form es_shortcode_form  es_ajax_subscription_form\" id=\"es_subscription_form_69ede214c5626\" data-source=\"ig-es\" data-form-id=\"1\"><div class=\"es-field-wrap\"><label>Name*<br \/><input type=\"text\" name=\"esfpx_name\" class=\"ig_es_form_field_name\" placeholder=\"\" value=\"\" required=\"required\" \/><\/label><\/div><div class=\"es-field-wrap ig-es-form-field\"><label class=\"es-field-label\">Email*<br \/><input class=\"es_required_field es_txt_email ig_es_form_field_email ig-es-form-input\" type=\"email\" name=\"esfpx_email\" value=\"\" placeholder=\"\" required=\"required\" \/><\/label><\/div><input type=\"hidden\" name=\"esfpx_lists[]\" value=\"0c69ea3514f9\" \/><input type=\"hidden\" name=\"esfpx_form_id\" value=\"1\" \/><input type=\"hidden\" name=\"es\" value=\"subscribe\" \/>\n\t\t\t<input type=\"hidden\" name=\"esfpx_es_form_identifier\" value=\"f1-n1\" \/>\n\t\t\t<input type=\"hidden\" name=\"esfpx_es_email_page\" value=\"2568\" \/>\n\t\t\t<input type=\"hidden\" name=\"esfpx_es_email_page_url\" value=\"https:\/\/www.rescotcreative.com\/br\/violin-studio\/skrzypce-studio-101\/\" \/>\n\t\t\t<input type=\"hidden\" name=\"esfpx_status\" value=\"Unconfirmed\" \/>\n\t\t\t<input type=\"hidden\" name=\"esfpx_es-subscribe\" id=\"es-subscribe-69ede214c5626\" value=\"c661d61544\" \/>\n\t\t\t<label style=\"position:absolute;top:-99999px;left:-99999px;z-index:-99;\" aria-hidden=\"true\"><span hidden>Please leave this field empty.<\/span><input type=\"email\" name=\"esfpx_es_hp_email\" class=\"es_required_field\" tabindex=\"-1\" autocomplete=\"-1\" value=\"\" \/><\/label><input type=\"submit\" name=\"submit\" class=\"es_subscription_form_submit es_submit_button es_textbox_button\" id=\"es_subscription_form_submit_69ede214c5626\" value=\"Subscribe\" \/><span class=\"es_spinner_image\" id=\"spinner-image\"><img decoding=\"async\" src=\"https:\/\/www.rescotcreative.com\/wp-content\/plugins\/email-subscribers\/lite\/public\/images\/spinner.gif\" alt=\"Loading\" \/><\/span><\/form><span class=\"es_subscription_message \" id=\"es_subscription_message_69ede214c5626\" role=\"alert\" aria-live=\"assertive\"><\/span><\/div><\/td><\/tr><\/tbody><\/table><\/figure>\n\n\n\n<p><a href=\"https:\/\/chat.whatsapp.com\/GiT0i7DYyCHHefKQlg8rLN\" target=\"_blank\" rel=\"noreferrer noopener\">What\u2019sApp English-speakers\u2019 group<\/a> (You don\u2019t need to be a native speaker to join!)<\/p>\n\n\n\n<p><strong><a rel=\"noreferrer noopener\" href=\"https:\/\/www.facebook.com\/groups\/violinstudio101\" target=\"_blank\">Violin Studio 101 Facebook Group<\/a><\/strong><\/p>\n\n\n\n<p><em>1 Zoom session included for English speakers with Ashley<\/em>. You don\u2019t need to be a native speaker to join! Monday, March 31: 10 a.m. Central Time (15:00 UTC (Universal Standard Time))<\/p>\n\n\n\n<figure class=\"wp-block-embed is-type-wp-embed is-provider-rescot-creative wp-block-embed-rescot-creative\"><div class=\"wp-block-embed__wrapper\">\nhttps:\/\/www.rescotcreative.com\/violin-studio\/how-do-i-motivate-my-child-student-to-practice\/jak-zmotywowac-moje-dziecko-ucznia-do-cwiczen\/\n<\/div><\/figure>\n\n\n\n<figure class=\"wp-block-embed is-type-wp-embed is-provider-rescot-creative wp-block-embed-rescot-creative\"><div class=\"wp-block-embed__wrapper\">\nhttps:\/\/www.rescotcreative.com\/about\/o-artystce\/\n<\/div><\/figure>\n","protected":false},"excerpt":{"rendered":"<p>Chcesz za&#322;o&#380;y&#263; lub udoskonali&#263; swoje studio skrzypcowe, ale nie wiesz od czego zacz&#261;&#263;? W dniu 10 marca, I&rsquo;m sharing my Violin Studio 101 Course for FREE to my subscribers. Zapisz si&#281; tutaj, a otrzymasz link do kursu i t&#322;umaczenia eBook w dniu premiery. Mo&#380;esz r&oacute;wnie&#380; zapisa&#263; si&#281; poprzez do&#322;&#261;czenie do jednej z moich grup What&rsquo;sApp: &hellip; <\/p>\n<p class=\"link-more\"><a href=\"https:\/\/www.rescotcreative.com\/br\/violin-studio\/skrzypce-studio-101\/\" class=\"more-link\">Continue reading<span class=\"screen-reader-text\"> &#8220;Studio Skrzypiec 101&#8221;<\/span><\/a><\/p>\n","protected":false},"author":2,"featured_media":2745,"parent":981,"menu_order":0,"comment_status":"closed","ping_status":"closed","template":"","meta":{"footnotes":""},"class_list":["post-2568","page","type-page","status-publish","has-post-thumbnail","hentry"],"translation":{"provider":"WPGlobus","version":"3.0.2","language":"br","enabled_languages":["en","es","fr","de","it","br"],"languages":{"en":{"title":true,"content":true,"excerpt":false},"es":{"title":false,"content":false,"excerpt":false},"fr":{"title":false,"content":false,"excerpt":false},"de":{"title":false,"content":false,"excerpt":false},"it":{"title":false,"content":false,"excerpt":false},"br":{"title":false,"content":false,"excerpt":false}}},"post_mailing_queue_ids":[],"_links":{"self":[{"href":"https:\/\/www.rescotcreative.com\/br\/wp-json\/wp\/v2\/pages\/2568","targetHints":{"allow":["GET"]}}],"collection":[{"href":"https:\/\/www.rescotcreative.com\/br\/wp-json\/wp\/v2\/pages"}],"about":[{"href":"https:\/\/www.rescotcreative.com\/br\/wp-json\/wp\/v2\/types\/page"}],"author":[{"embeddable":true,"href":"https:\/\/www.rescotcreative.com\/br\/wp-json\/wp\/v2\/users\/2"}],"replies":[{"embeddable":true,"href":"https:\/\/www.rescotcreative.com\/br\/wp-json\/wp\/v2\/comments?post=2568"}],"version-history":[{"count":7,"href":"https:\/\/www.rescotcreative.com\/br\/wp-json\/wp\/v2\/pages\/2568\/revisions"}],"predecessor-version":[{"id":2758,"href":"https:\/\/www.rescotcreative.com\/br\/wp-json\/wp\/v2\/pages\/2568\/revisions\/2758"}],"up":[{"embeddable":true,"href":"https:\/\/www.rescotcreative.com\/br\/wp-json\/wp\/v2\/pages\/981"}],"wp:featuredmedia":[{"embeddable":true,"href":"https:\/\/www.rescotcreative.com\/br\/wp-json\/wp\/v2\/media\/2745"}],"wp:attachment":[{"href":"https:\/\/www.rescotcreative.com\/br\/wp-json\/wp\/v2\/media?parent=2568"}],"curies":[{"name":"wp","href":"https:\/\/api.w.org\/{rel}","templated":true}]}}