{"id":2240,"date":"2021-02-15T23:24:09","date_gmt":"2021-02-16T05:24:09","guid":{"rendered":"https:\/\/www.rescotcreative.com\/?page_id=2240"},"modified":"2026-01-23T16:43:37","modified_gmt":"2026-01-23T22:43:37","slug":"about-the-artist","status":"publish","type":"page","link":"https:\/\/www.rescotcreative.com\/de\/about\/about-the-artist\/","title":{"rendered":"\u00dcber das K\u00fcnstlerin"},"content":{"rendered":"\n<div class=\"wp-block-image\"><figure class=\"alignleft size-large is-resized\"><img loading=\"lazy\" decoding=\"async\" src=\"https:\/\/www.rescotcreative.com\/wp-content\/uploads\/2020\/01\/UptownViolins-3998.jpg\" alt=\"Ashley Rescot profile with acoustic violin\" class=\"wp-image-374\" width=\"209\" height=\"314\" srcset=\"https:\/\/www.rescotcreative.com\/wp-content\/uploads\/2020\/01\/UptownViolins-3998.jpg 600w, https:\/\/www.rescotcreative.com\/wp-content\/uploads\/2020\/01\/UptownViolins-3998-200x300.jpg 200w\" sizes=\"auto, (max-width: 209px) 100vw, 209px\" \/><figcaption>Photography by Rachel Kabukala<\/figcaption><\/figure><\/div>\n\n\n\n<p><strong>Ashley Rescot<\/strong> ist eine professionelle Geigerin, P\u00e4dagogin, Schriftstellerin und Fulbright-Stipendiatin. Sie ist eine Liebhaberin von Musik, P\u00e4dagogik, Familie, Glauben und Sprache und schreibt \u00fcber ihr Leben als Musikerin. Bleiben Sie <em>dran<\/em> f\u00fcr ihren Musikroman!<\/p>\n\n\n\n<p><em>Bachelor of Music in Violinspiel, Master of Arts in Franz\u00f6sischer Literatur<\/em><\/p>\n\n\n\n<p>Im Alter von zwei Jahren begann Ashley unter der Anleitung ihrer Mutter mit dem Geigenunterricht. Familienauff\u00fchrungen mit ihrer Mutter, vier Schwestern, Tanten, Cousins und Cousinen und ihrer Gro\u00dfmutter sind ihre sch\u00f6nsten Kindheitserinnerungen.<\/p>\n\n\n\n<p>In ihrem letzten Jahr an der Highschool war Ashley Konzertmeisterin ihrer Jugendsymphonie in Kansas und gewann den Jugendtalent-Konzertwettbewerb f\u00fcr Solokonzerte mit dem Orchester. Danach zog sie f\u00fcr das College nach Texas, wo sie einen Bachelor of Music in Violinspiel und Nebenf\u00e4cher in Franz\u00f6sisch und Englisch erhielt.<\/p>\n\n\n\n<p>Neben der Violine entwickelte Ashley eine Leidenschaft f\u00fcr die franz\u00f6sische, insbesondere f\u00fcr die franz\u00f6sische Musik. Als Fulbright-Stipendiatin verbrachte sie ein Auslandsjahr in Paris, wo sie Englisch unterrichtete und mit einheimischen Musikern zusammenarbeitete. Diese Erfahrung \u00f6ffnete ihr die Augen f\u00fcr eine andere Kultur, die ihre Perspektive als kreative K\u00fcnstlerin und P\u00e4dagogin beeinflusste.<\/p>\n\n\n\n<p>Sie kehrte in den Mittleren Westen zur\u00fcck, um Franz\u00f6sisch-Sprachkurse an Colleges zu unterrichten und einen Master of Arts in franz\u00f6sischer Literatur zu erwerben. Nach ihrem Abschluss zog sie in den Gro\u00dfraum Chicago, wo sie an einer regionalen Universit\u00e4t Franz\u00f6sisch unterrichtete und ihr privates Geigenstudio aufbaute. Sie war Teilnehmerin in einem Lesekomitee und stimmte f\u00fcr den Prix Robl\u00e8s, eine Auszeichnung f\u00fcr franz\u00f6sische Erstlingsautoren. Ashley nahm gerne an der Preisverleihung 2013 in Blois, Frankreich, teil, wo sie den siegreichen Autor traf, der einen Musikroman geschrieben hatte, der w\u00e4hrend des Zweiten Weltkriegs in Europa angesiedelt war.<\/p>\n\n\n\n<p>Heute liebt es Ashley, mit ihren Sch\u00fclern zu arbeiten, mit Familie und Freunden aufzutreten und \u00fcber alles zu schreiben, was mit Musik und Franz\u00f6sisch zu tun hat. Besonders gerne verbringt sie Zeit mit ihrem Mann und ihren zwei Kindern. Sie ist Mitglied ihrer Familiengruppe Uptown Violins, des Blackwater String Ensembles, der SSA-Musiklehrervereinigung, der ACFW-Schriftstellervereinigung und ist aktive Musikerin in ihrer Kirche. Als altgediente Interpretin und P\u00e4dagogin ist sie bestrebt, ihre Liebe zu Musik und Sprache an die n\u00e4chste Generation weiterzugeben.<\/p>\n","protected":false},"excerpt":{"rendered":"<p>Ashley Rescot ist eine professionelle Geigerin, P&auml;dagogin, Schriftstellerin und Fulbright-Stipendiatin. Sie ist eine Liebhaberin von Musik, P&auml;dagogik, Familie, Glauben und Sprache und schreibt &uuml;ber ihr Leben als Musikerin. Bleiben Sie dran f&uuml;r ihren Musikroman! Bachelor of Music in Violinspiel, Master of Arts in Franz&ouml;sischer Literatur Im Alter von zwei Jahren begann Ashley unter der Anleitung &hellip; <\/p>\n<p class=\"link-more\"><a href=\"https:\/\/www.rescotcreative.com\/de\/about\/about-the-artist\/\" class=\"more-link\">Continue reading<span class=\"screen-reader-text\"> &#8220;\u00dcber das K\u00fcnstlerin&#8221;<\/span><\/a><\/p>\n","protected":false},"author":2,"featured_media":374,"parent":9,"menu_order":0,"comment_status":"closed","ping_status":"closed","template":"","meta":{"footnotes":""},"class_list":["post-2240","page","type-page","status-publish","has-post-thumbnail","hentry"],"translation":{"provider":"WPGlobus","version":"3.0.2","language":"de","enabled_languages":["en","es","fr","de","it","br"],"languages":{"en":{"title":true,"content":true,"excerpt":false},"es":{"title":true,"content":true,"excerpt":false},"fr":{"title":true,"content":true,"excerpt":false},"de":{"title":true,"content":true,"excerpt":false},"it":{"title":true,"content":true,"excerpt":false},"br":{"title":true,"content":true,"excerpt":false}}},"post_mailing_queue_ids":[],"_links":{"self":[{"href":"https:\/\/www.rescotcreative.com\/de\/wp-json\/wp\/v2\/pages\/2240","targetHints":{"allow":["GET"]}}],"collection":[{"href":"https:\/\/www.rescotcreative.com\/de\/wp-json\/wp\/v2\/pages"}],"about":[{"href":"https:\/\/www.rescotcreative.com\/de\/wp-json\/wp\/v2\/types\/page"}],"author":[{"embeddable":true,"href":"https:\/\/www.rescotcreative.com\/de\/wp-json\/wp\/v2\/users\/2"}],"replies":[{"embeddable":true,"href":"https:\/\/www.rescotcreative.com\/de\/wp-json\/wp\/v2\/comments?post=2240"}],"version-history":[{"count":28,"href":"https:\/\/www.rescotcreative.com\/de\/wp-json\/wp\/v2\/pages\/2240\/revisions"}],"predecessor-version":[{"id":7006,"href":"https:\/\/www.rescotcreative.com\/de\/wp-json\/wp\/v2\/pages\/2240\/revisions\/7006"}],"up":[{"embeddable":true,"href":"https:\/\/www.rescotcreative.com\/de\/wp-json\/wp\/v2\/pages\/9"}],"wp:featuredmedia":[{"embeddable":true,"href":"https:\/\/www.rescotcreative.com\/de\/wp-json\/wp\/v2\/media\/374"}],"wp:attachment":[{"href":"https:\/\/www.rescotcreative.com\/de\/wp-json\/wp\/v2\/media?parent=2240"}],"curies":[{"name":"wp","href":"https:\/\/api.w.org\/{rel}","templated":true}]}}