{"id":2390,"date":"2021-02-20T11:12:29","date_gmt":"2021-02-20T17:12:29","guid":{"rendered":"https:\/\/www.rescotcreative.com\/?page_id=2390"},"modified":"2022-08-18T14:15:07","modified_gmt":"2022-08-18T20:15:07","slug":"how-do-i-motivate-my-child-student-to-practice","status":"publish","type":"page","link":"https:\/\/www.rescotcreative.com\/de\/violin-studio\/how-do-i-motivate-my-child-student-to-practice\/","title":{"rendered":"Wie motiviere ich mein Kind\/Sch\u00fcler, sein Instrument zu \u00fcben?"},"content":{"rendered":"\n<p>W\u00e4hrend die meisten Menschen es als entmutigend empfinden, auch nur ein Kind zum regelm\u00e4\u00dfigen \u00dcben zu motivieren, schaffte es meine Mutter Allison, alle vier meiner Schwestern und mich zu motivieren, fast jeden Tag zu \u00fcben, vom Alter von 3 Jahren an, bis wir aufs College gingen, jeder von uns mit einem Geigen-Stipendium in der Hand. Da ich selbst Mutter einer angehenden Musikstudentin bin, wollte ich ihre Tricks herausfinden, nicht nur als professionelle Geigenlehrerin, sondern auch als vielbesch\u00e4ftigte Mutter mit all der Verantwortung, die das mit sich bringt! Sehen Sie sich die Ratschl\u00e4ge einer erfahrenen Lehrerin und Mutter an! https:\/\/www.rescotcreative.com\/violin-studio\/geigenstudio-101\/embed\/#?secret=MbfihzeKmn<\/p>\n\n\n\n<p><em>Welche Techniken setzen Sie ein, um Ihre Sch\u00fcler zum \u00dcben zu motivieren?<\/em><\/p>\n\n\n\n<p>Ich versuche, dass es so viel Spa\u00df macht, dass die Kinder \u00fcben wollen! Bei Vorschul- und fr\u00fchen Grundschulkindern strukturiere ich den Unterricht und das \u00dcben wie ein Spiel, und ich versuche, dies so lange wie m\u00f6glich aufrechtzuerhalten. Realistisch betrachtet w\u00fcrden die meisten Kinder aber immer noch lieber drau\u00dfen spielen (oder jetzt mit ihren Handys und Tablets usw.), also brauchen sie auch externe Motivation. Sch\u00fcler brauchen sowohl kurzfristige als auch langfristige Ziele. Kurzfristige Ziele beinhalten kleine Belohnungen, wie z. B. ein Bonbon vom Lehrer, wenn sie in der Stunde eine Eins bekommen, oder vielleicht k\u00f6nnten sie f\u00fcr jedes Mal, wenn sie eine schwierige Passage bohren, ein Teil eines Puzzles bauen.<\/p>\n\n\n\n<p>Ich mache auch Sticker-Charts, um das t\u00e4gliche \u00dcben der Sch\u00fcler zu verfolgen, was zu langfristigen Preisen f\u00fchrt. Langfristige Ziele und Preise m\u00fcssen mit den Eltern abgesprochen werden. Wenn der Sch\u00fcler z. B. einen Monat lang A-Unterricht hat, k\u00f6nnte er einen besonderen lustigen Abend mit Mama oder Papa bekommen! Am besten ist es, wenn die Eltern etwas zu bieten haben, denn sie wissen, was ihr Kind am besten motivieren w\u00fcrde.<\/p>\n\n\n\n<div class=\"wp-block-image\"><figure class=\"alignleft\"><img loading=\"lazy\" decoding=\"async\" width=\"215\" height=\"300\" src=\"https:\/\/www.rescotcreative.com\/wp-content\/uploads\/2020\/01\/Ashley-violin-215x300.jpg\" alt=\"\" class=\"wp-image-486\" srcset=\"https:\/\/www.rescotcreative.com\/wp-content\/uploads\/2020\/01\/Ashley-violin-215x300.jpg 215w, https:\/\/www.rescotcreative.com\/wp-content\/uploads\/2020\/01\/Ashley-violin.jpg 517w\" sizes=\"auto, (max-width: 215px) 100vw, 215px\" \/><\/figure><\/div>\n\n\n\n<p>Sch\u00fcler der Mittel- und Oberstufe sollten verstehen, dass sie regelm\u00e4\u00dfig \u00fcben m\u00fcssen, ohne dass sie externe Belohnungen ben\u00f6tigen. Zu diesem Zeitpunkt sollte die Belohnung die Freude am Musizieren sein. Das Spielen in der Gruppe, einschlie\u00dflich Gruppenunterricht, Musikcamps und Orchesterspiel, hilft ebenfalls, Sch\u00fcler zu motivieren, da Kinder den sozialen Aspekt des Spielens m\u00f6gen.<\/p>\n\n\n\n<p><em>Was haben Sie getan, um Ihre eigenen Kinder (wie mich!) zum \u00dcben zu motivieren? Mussten Sie Ihre Technik zwischen Sch\u00fclern und Ihren eigenen Kindern anpassen?<\/em><\/p>\n\n\n\n<p>Ich musste bei meinen eigenen Kindern strenger sein, weil ich der Elternteil war. Eltern haben in der Regel mehr mit der Einstellung der Kinder zu k\u00e4mpfen als der Lehrer. Zus\u00e4tzlich zu den Tabellen mit den kurz- und langfristigen Zielen hatten wir auch Einstellungslisten, auf denen man einen Aufkleber f\u00fcr eine gute Einstellung bekommen konnte. In unserem Haus war das \u00dcben eine nicht verhandelbare Familienregel als Teil unseres t\u00e4glichen Lebens, genau wie das Abr\u00e4umen des Tisches und das Aufr\u00e4umen der Zimmer. Der soziale Aspekt hat meine Kinder definitiv motiviert. Wir traten gemeinsam als Familie auf und keiner wollte sich ausgeschlossen f\u00fchlen, also motivierten sich die Kinder gegenseitig zum \u00dcben.<\/p>\n\n\n\n<p><em>Welchen Rat k\u00f6nnen Sie nicht-musikalischen Eltern f\u00fcr die Arbeit mit ihren Kindern zu Hause geben?<\/em><\/p>\n\n\n\n<p>Eltern sollten verstehen, dass sie die Musik nicht kennen m\u00fcssen; sie m\u00fcssen ihr Kind kennen. Eltern wissen besser als jeder andere, wie sie ihr Kind motivieren k\u00f6nnen, und sie k\u00f6nnen die Musik direkt mit dem Sch\u00fcler zusammen lernen. Im Zeitalter der Smartphones k\u00f6nnen die Eltern auch Videos vom Unterricht aufnehmen, was sehr hilfreich ist!<\/p>\n\n\n\n<p>Eines der gro\u00dfartigen Dinge an der Suzuki-Methode ist ihre Betonung des <a href=\"http:\/\/www.suzukitriangle.com\/about\/\">Dreiecks Eltern\/Lehrer\/Sch\u00fcler<\/a>. Ein guter Lehrer sollte Ihnen die kleinen Schritte zeigen, die Sie bei Ihren \u00dcbungen zu Hause machen k\u00f6nnen. Um eine Sportanalogie zu verwenden: Der Lehrer ist der Trainer, aber die Eltern sind der t\u00e4gliche Trainer. Ein weiterer wichtiger Faktor f\u00fcr den Erfolg des Musikunterrichts Ihres Kindes ist die Unterst\u00fctzung durch beide Elternteile. Oft kommen die M\u00fctter zum Unterricht (wenn auch nicht immer), daher bedeutet es den Sch\u00fclern sehr viel, wenn die V\u00e4ter darum bitten, sie auch spielen zu h\u00f6ren! Es braucht auch beide Elternteile, um zu helfen, dass das \u00dcben zu Hause eine Priorit\u00e4t ist.<\/p>\n\n\n\n<div class=\"wp-block-image\"><figure class=\"alignright\"><img loading=\"lazy\" decoding=\"async\" width=\"200\" height=\"300\" src=\"https:\/\/www.rescotcreative.com\/wp-content\/uploads\/2020\/01\/UNADJUSTEDNONRAW_thumb_6714-200x300.jpg\" alt=\"Ashley Rescot in white with acoustic violin\" class=\"wp-image-349\" srcset=\"https:\/\/www.rescotcreative.com\/wp-content\/uploads\/2020\/01\/UNADJUSTEDNONRAW_thumb_6714-200x300.jpg 200w, https:\/\/www.rescotcreative.com\/wp-content\/uploads\/2020\/01\/UNADJUSTEDNONRAW_thumb_6714.jpg 479w\" sizes=\"auto, (max-width: 200px) 100vw, 200px\" \/><\/figure><\/div>\n\n\n\n<p><em>Manchmal scheint es, dass musikalische Eltern am meisten damit zu k\u00e4mpfen haben, ihren Kindern zu helfen, das gleiche musikalische Niveau zu erreichen, das sie selbst erreicht haben. Welchen Rat k\u00f6nnen Sie ihnen geben?<\/em><\/p>\n\n\n\n<p>Ich glaube, dass es wichtig ist, die \u00dcbungszeit Ihrer eigenen Kinder zu einem Teil Ihres Studiozeitplans zu machen. Wann immer es m\u00f6glich ist, planen Sie zuerst die Aktivit\u00e4ten Ihrer Kinder und dann den Unterricht Ihrer Sch\u00fcler. Manchmal erfordert dies kreatives Denken von Ihnen als Elternteil. Ich habe zum Beispiel meine Kinder jeden Morgen um 6:30 Uhr vor der Schule \u00fcben lassen, weil sie nach der Schule Unterricht und Aktivit\u00e4ten hatten.<\/p>\n\n\n\n<p>Was die Einstellung betrifft, versuchen Sie, das gro\u00dfe Ganze zu sehen, und nutzen Sie dies als Inspiration, um die schwierigen Tage durchzustehen. Lassen Sie Ihre Kinder in den Teenagerjahren, wenn m\u00f6glich, von einem anderen Lehrer unterrichten, damit Sie den R\u00fcckhalt von jemandem haben, der nicht ihr Elternteil ist. Aus einer christlichen Perspektive kommend, war es immer mein langfristiges Ziel, meinen Kindern zu helfen, dem Herrn zu dienen, sei es in der Musik wie ich, in der Medizin wie mein Mann oder in etwas ganz anderem als wir. Ich wusste jedoch, dass meine Kinder, wenn sie eine Chance auf eine musikalische Karriere haben sollten, viel \u00fcben mussten, um das hohe Spielniveau zu erreichen, das im College verlangt wurde. Ich musste langfristig denken, um die kurzfristigen H\u00fcrden von schlechter Einstellung, anspruchsvollem Repertoire und musikalischen Entt\u00e4uschungen zu \u00fcberwinden. Sch\u00fcler brauchen gute F\u00fchrer, die ihnen helfen, durchzuhalten, und oft sind die Eltern ihre gr\u00f6\u00dfte Inspiration!<\/p>\n\n\n\n<p>Ziehen Sie Ashley\u2019s <a href=\"https:\/\/www.rescotcreative.com\/books\/book-clubs\/\">Music Book Clubs <\/a>als Motivationshilfe in Betracht! Schauen Sie sich <a rel=\"noreferrer noopener\" href=\"https:\/\/www.rescotcreative.com\/the-chronicles-of-music-majors-2\/die-chroniken-der-musikmajore\/\" target=\"_blank\">Die Chroniken der Musikmajore<\/a>f\u00fcr Ihre jungen erwachsenen Sch\u00fcler an. https:\/\/www.rescotcreative.com\/the-chronicles-of-music-majors-2\/die-chroniken-der-musikmajore\/embed\/#?secret=ynw7wbN5N6<\/p>\n\n\n\n<p>Ich w\u00fcrde die <a href=\"http:\/\/www.suzukitriangle.com\/upcoming-online-events\/\">Kurse von Christine Goodner <\/a>sowie die <a href=\"https:\/\/www.mindoverfinger.com\/\">Meisterkurse von Dr. Ren\u00e9e-Paule Gauthier <\/a>sehr empfehlen, um tief in dieses Thema einzutauchen! https:\/\/www.rescotcreative.com\/about\/uber-das-kunstlerin\/embed\/#?secret=DGiClStEzr<\/p>\n","protected":false},"excerpt":{"rendered":"<p>W&auml;hrend die meisten Menschen es als entmutigend empfinden, auch nur ein Kind zum regelm&auml;&szlig;igen &Uuml;ben zu motivieren, schaffte es meine Mutter Allison, alle vier meiner Schwestern und mich zu motivieren, fast jeden Tag zu &uuml;ben, vom Alter von 3 Jahren an, bis wir aufs College gingen, jeder von uns mit einem Geigen-Stipendium in der Hand. &hellip; <\/p>\n<p class=\"link-more\"><a href=\"https:\/\/www.rescotcreative.com\/de\/violin-studio\/how-do-i-motivate-my-child-student-to-practice\/\" class=\"more-link\">Continue reading<span class=\"screen-reader-text\"> &#8220;Wie motiviere ich mein Kind\/Sch\u00fcler, sein Instrument zu \u00fcben?&#8221;<\/span><\/a><\/p>\n","protected":false},"author":2,"featured_media":486,"parent":981,"menu_order":0,"comment_status":"closed","ping_status":"closed","template":"","meta":{"footnotes":""},"class_list":["post-2390","page","type-page","status-publish","has-post-thumbnail","hentry"],"translation":{"provider":"WPGlobus","version":"3.0.2","language":"de","enabled_languages":["en","es","fr","de","it","br"],"languages":{"en":{"title":true,"content":true,"excerpt":false},"es":{"title":true,"content":true,"excerpt":false},"fr":{"title":true,"content":true,"excerpt":false},"de":{"title":true,"content":true,"excerpt":false},"it":{"title":true,"content":true,"excerpt":false},"br":{"title":true,"content":true,"excerpt":false}}},"post_mailing_queue_ids":[],"_links":{"self":[{"href":"https:\/\/www.rescotcreative.com\/de\/wp-json\/wp\/v2\/pages\/2390","targetHints":{"allow":["GET"]}}],"collection":[{"href":"https:\/\/www.rescotcreative.com\/de\/wp-json\/wp\/v2\/pages"}],"about":[{"href":"https:\/\/www.rescotcreative.com\/de\/wp-json\/wp\/v2\/types\/page"}],"author":[{"embeddable":true,"href":"https:\/\/www.rescotcreative.com\/de\/wp-json\/wp\/v2\/users\/2"}],"replies":[{"embeddable":true,"href":"https:\/\/www.rescotcreative.com\/de\/wp-json\/wp\/v2\/comments?post=2390"}],"version-history":[{"count":31,"href":"https:\/\/www.rescotcreative.com\/de\/wp-json\/wp\/v2\/pages\/2390\/revisions"}],"predecessor-version":[{"id":6049,"href":"https:\/\/www.rescotcreative.com\/de\/wp-json\/wp\/v2\/pages\/2390\/revisions\/6049"}],"up":[{"embeddable":true,"href":"https:\/\/www.rescotcreative.com\/de\/wp-json\/wp\/v2\/pages\/981"}],"wp:featuredmedia":[{"embeddable":true,"href":"https:\/\/www.rescotcreative.com\/de\/wp-json\/wp\/v2\/media\/486"}],"wp:attachment":[{"href":"https:\/\/www.rescotcreative.com\/de\/wp-json\/wp\/v2\/media?parent=2390"}],"curies":[{"name":"wp","href":"https:\/\/api.w.org\/{rel}","templated":true}]}}