{"id":8,"date":"2020-01-18T04:50:29","date_gmt":"2020-01-18T04:50:29","guid":{"rendered":"http:\/\/www.rescotcreative.com\/?page_id=8"},"modified":"2026-04-07T06:08:35","modified_gmt":"2026-04-07T12:08:35","slug":"home","status":"publish","type":"page","link":"https:\/\/www.rescotcreative.com\/es\/","title":{"rendered":"Ashley Rescot"},"content":{"rendered":"\n<h2 class=\"wp-block-heading\">M\u00fasica | Autora | Educadora<\/h2>\n\n\n\n<figure class=\"wp-block-gallery columns-3 is-cropped wp-block-gallery-1 is-layout-flex wp-block-gallery-is-layout-flex\"><ul class=\"blocks-gallery-grid\"><li class=\"blocks-gallery-item\"><figure><img loading=\"lazy\" decoding=\"async\" width=\"600\" height=\"900\" src=\"http:\/\/www.rescotcreative.com\/wp-content\/uploads\/2020\/01\/UptownViolins-3957.jpg\" alt=\"Ashley Rescot violin bio\" data-id=\"134\" data-full-url=\"http:\/\/www.rescotcreative.com\/wp-content\/uploads\/2020\/01\/UptownViolins-3957.jpg\" data-link=\"http:\/\/www.rescotcreative.com\/uptownviolins-3957\/\" class=\"wp-image-134\" srcset=\"https:\/\/www.rescotcreative.com\/wp-content\/uploads\/2020\/01\/UptownViolins-3957.jpg 600w, https:\/\/www.rescotcreative.com\/wp-content\/uploads\/2020\/01\/UptownViolins-3957-200x300.jpg 200w\" sizes=\"auto, (max-width: 600px) 100vw, 600px\" \/><\/figure><\/li><li class=\"blocks-gallery-item\"><figure><img loading=\"lazy\" decoding=\"async\" width=\"545\" height=\"575\" src=\"http:\/\/www.rescotcreative.com\/wp-content\/uploads\/2020\/01\/UNADJUSTEDNONRAW_thumb_643a.jpg\" alt=\"Ashley Rescot espresso in Paris\" data-id=\"293\" data-full-url=\"http:\/\/www.rescotcreative.com\/wp-content\/uploads\/2020\/01\/UNADJUSTEDNONRAW_thumb_643a.jpg\" data-link=\"http:\/\/www.rescotcreative.com\/unadjustednonraw_thumb_643a\/\" class=\"wp-image-293\" srcset=\"https:\/\/www.rescotcreative.com\/wp-content\/uploads\/2020\/01\/UNADJUSTEDNONRAW_thumb_643a.jpg 545w, https:\/\/www.rescotcreative.com\/wp-content\/uploads\/2020\/01\/UNADJUSTEDNONRAW_thumb_643a-284x300.jpg 284w\" sizes=\"auto, (max-width: 545px) 100vw, 545px\" \/><\/figure><\/li><li class=\"blocks-gallery-item\"><figure><img loading=\"lazy\" decoding=\"async\" width=\"479\" height=\"719\" src=\"http:\/\/www.rescotcreative.com\/wp-content\/uploads\/2020\/01\/UNADJUSTEDNONRAW_thumb_6714.jpg\" alt=\"Ashley Rescot in white with acoustic violin\" data-id=\"349\" data-full-url=\"http:\/\/www.rescotcreative.com\/wp-content\/uploads\/2020\/01\/UNADJUSTEDNONRAW_thumb_6714.jpg\" data-link=\"http:\/\/www.rescotcreative.com\/unadjustednonraw_thumb_6714\/\" class=\"wp-image-349\" srcset=\"https:\/\/www.rescotcreative.com\/wp-content\/uploads\/2020\/01\/UNADJUSTEDNONRAW_thumb_6714.jpg 479w, https:\/\/www.rescotcreative.com\/wp-content\/uploads\/2020\/01\/UNADJUSTEDNONRAW_thumb_6714-200x300.jpg 200w\" sizes=\"auto, (max-width: 479px) 100vw, 479px\" \/><\/figure><\/li><\/ul><\/figure>\n\n\n\n<p><strong>Inspirar a la pr\u00f3xima generaci\u00f3n de m\u00fasicos<\/strong><\/p>\n\n\n\n<p><strong>Animar a los profesionales de la m\u00fasica<\/strong><\/p>\n\n\n\n<p><strong>Educar a otros sobre el mundo de la m\u00fasica<\/strong><\/p>\n\n\n\n<h2 class=\"wp-block-heading\">\u00daltimas Entradas de Blog<\/h2>\n\n\n\t  \n\t\t\n\t\t<style type='text\/css' >\n\t\t #psc_divSliderMain69ec888db608a .bx-wrapper .bx-viewport {\n\t\t\t background: none repeat scroll 0 0 #FFFFFF !important;\n\t\t\t border: 0px none !important;\n\t\t\t box-shadow: 0 0 0 0 !important;\n\t\t\t \/*padding:15px !important;*\/\n\t\t   }\n\t\t <\/style><!-- psc_print_post_slider_carousel_func -->\n\t\t \t \t\t\t\t<div id=\"poststuff\">\n\t\t\t\t  <div id=\"post-body\" class=\"metabox-holder columns-2\">\n\t\t\t\t\t<div id=\"post-body-content\">\n\t\t\t\t\t\t <div style=\"clear: both;\"><\/div>\n\t\t\t\t\t\t           \n\t\t\t\t\t\t\n\t\t\t\t\t   \n\t\t\t\t\t\t\t<div style=\"width: auto;postion:relative\" id=\"psc_divSliderMain69ec888db608a\">\n\t\t\t\t\t\t\t  <div id=\"psc_thumnail_slider69ec888db6088\" class=\"post_slider_carousel\" style=\"margin-top: 2px !important;display:none\">\n\t\t\t\t\t\t\t\t  \n\t\t\t\t\t\t \t\t\t\t\t\t\t\t\t\t  \n\t\t\t\t\t\t\t\t  <div class=\"bx_pst_slider\">   \n\t\t\t\t\t\t\t\t\t                                                                                                                                                                                                                                                                                       \n\t\t\t\t\t\t\t\t\t\t<a data-post_id=\"7143\" \n\t\t\t\t\t\t\t\t\t\t\t\t\t\t\t\t\t  href=\"https:\/\/www.rescotcreative.com\/es\/2026\/04\/02\/book-launch-is-almost-here\/\" title=\"Book Launch is almost here!\" ><img decoding=\"async\" src=\"https:\/\/www.rescotcreative.com\/wp-content\/uploads\/psc_post_slider_carousel\/Sunflowers_Artwork_250_200.jpg\" alt=\"Book Launch is almost here!\" title=\"Book Launch is almost here!\"   \/><\/a>\n\t\t\t\t\t\t\t\t\t   \n\t\t\t\t\t\t\t\t   <\/div>\n\t\t\t\t\t\t\t   \n\t\t\t\t\t\t   \t\t\t\t\t\t\t\t\t\t  \n\t\t\t\t\t\t\t\t  <div class=\"bx_pst_slider\">   \n\t\t\t\t\t\t\t\t\t                                                                                                                                                                                                                                                                                       \n\t\t\t\t\t\t\t\t\t\t<a data-post_id=\"7112\" \n\t\t\t\t\t\t\t\t\t\t\t\t\t\t\t\t\t  href=\"https:\/\/www.rescotcreative.com\/es\/2026\/03\/21\/my-audiobooks-available-online\/\" title=\"My Audiobooks Available Online!\" ><img decoding=\"async\" src=\"https:\/\/www.rescotcreative.com\/wp-content\/uploads\/psc_post_slider_carousel\/A1BF52C9-50EE-448E-B507-E9EC405CC0FD_250_200.jpg\" alt=\"My Audiobooks Available Online!\" title=\"My Audiobooks Available Online!\"   \/><\/a>\n\t\t\t\t\t\t\t\t\t   \n\t\t\t\t\t\t\t\t   <\/div>\n\t\t\t\t\t\t\t   \n\t\t\t\t\t\t   \t\t\t\t\t\t\t\t\t\t  \n\t\t\t\t\t\t\t\t  <div class=\"bx_pst_slider\">   \n\t\t\t\t\t\t\t\t\t                                                                                                                                                                                                                                                                                       \n\t\t\t\t\t\t\t\t\t\t<a data-post_id=\"7082\" \n\t\t\t\t\t\t\t\t\t\t\t\t\t\t\t\t\t  href=\"https:\/\/www.rescotcreative.com\/es\/2026\/01\/25\/rebuilding-from-the-ground-up\/\" title=\"Rebuilding from the Ground Up\" ><img decoding=\"async\" src=\"https:\/\/www.rescotcreative.com\/wp-content\/uploads\/psc_post_slider_carousel\/IMG_0588-rotated_250_200.jpg\" alt=\"Rebuilding from the Ground Up\" title=\"Rebuilding from the Ground Up\"   \/><\/a>\n\t\t\t\t\t\t\t\t\t   \n\t\t\t\t\t\t\t\t   <\/div>\n\t\t\t\t\t\t\t   \n\t\t\t\t\t\t   \t\t\t\t\t\t\t\t\t\t  \n\t\t\t\t\t\t\t\t  <div class=\"bx_pst_slider\">   \n\t\t\t\t\t\t\t\t\t                                                                                                                                                                                                                                                                                       \n\t\t\t\t\t\t\t\t\t\t<a data-post_id=\"6837\" \n\t\t\t\t\t\t\t\t\t\t\t\t\t\t\t\t\t  href=\"https:\/\/www.rescotcreative.com\/es\/2025\/11\/29\/let-it-snow\/\" title=\"Let it Snow\" ><img decoding=\"async\" src=\"https:\/\/www.rescotcreative.com\/wp-content\/uploads\/psc_post_slider_carousel\/5752244093929299037_250_200.jpg\" alt=\"Let it Snow\" title=\"Let it Snow\"   \/><\/a>\n\t\t\t\t\t\t\t\t\t   \n\t\t\t\t\t\t\t\t   <\/div>\n\t\t\t\t\t\t\t   \n\t\t\t\t\t\t   \t\t\t\t\t\t\t\t\t\t  \n\t\t\t\t\t\t\t\t  <div class=\"bx_pst_slider\">   \n\t\t\t\t\t\t\t\t\t                                                                                                                                                                                                                                                                                       \n\t\t\t\t\t\t\t\t\t\t<a data-post_id=\"6751\" \n\t\t\t\t\t\t\t\t\t\t\t\t\t\t\t\t\t  href=\"https:\/\/www.rescotcreative.com\/es\/2024\/12\/27\/mary-did-you-know\/\" title=\"Mary, Did You Know?\" ><img decoding=\"async\" src=\"https:\/\/www.rescotcreative.com\/wp-content\/uploads\/psc_post_slider_carousel\/IMG_8771_250_200.jpg\" alt=\"Mary, Did You Know?\" title=\"Mary, Did You Know?\"   \/><\/a>\n\t\t\t\t\t\t\t\t\t   \n\t\t\t\t\t\t\t\t   <\/div>\n\t\t\t\t\t\t\t   \n\t\t\t\t\t\t      \n\t\t\t\t\t\t\t\t\t\t\t\t\t\t \n\t\t\t\t\t<\/div>\n\t\t\t\t\t\t<\/div>\n\t\t\t\t\t<script>\n\t\t\t\t\n\t\t\t\t   \t\t\t   \n\t\t\t\t\tvar interval_69ec888db831d = setInterval(function() {\n\t\t\t\t\tvar psc_slider='';    \n\t\t\t\t\tif(document.readyState === 'complete') {\n\n\t\t\t\t\t   clearInterval(interval_69ec888db831d);\n\t\t\t\t\t   \n\t\t\t\t\t\t\t\n\t\t\t\t\t\t   jQuery(\"#psc_thumnail_slider69ec888db6088\").show();\n\t\t\t\t\t\t\tvar rand_69ec888db608b=psc_slider=jQuery('#psc_divSliderMain69ec888db608a').html();   \n\t\t\t\t\t\t\tjQuery('#psc_thumnail_slider69ec888db6088').bxSlider({\n\t\t\t\t\t\t\t\t\t\t\t\t\t\t\t\t  slideWidth: 200,\n\t\t\t\t\t\t\t\t   minSlides: 1,\n\t\t\t\t\t\t\t\t   maxSlides: 5,\n\t\t\t\t\t\t\t\t   moveSlides: 1,\n\t\t\t\t\t\t\t\t   slideMargin:15,  \n\t\t\t\t\t\t\t\t   speed:1000,\n\t\t\t\t\t\t\t\t   pause:1000,\n\t\t\t\t\t\t\t\t   adaptiveHeight:false,\n\t\t\t\t\t\t\t\t   preventDefaultSwipeY: false,\n\t\t\t\t\t\t\t\t   \t\t\t\t\t\t\t\t\t autoHover: true,\n\t\t\t\t\t\t\t\t\t\t\t\t\t\t\t\t\t\t   \t\t\t\t\t\t\t\t\tcontrols:false,\n\t\t\t\t\t\t\t\t   \t\t\t\t\t\t\t\t   pager:false,\n\t\t\t\t\t\t\t\t   useCSS:false,\n\t\t\t\t\t\t\t\t   \t\t\t\t\t\t\t\t\tautoStart:true,\n\t\t\t\t\t\t\t\t\tautoDelay:200,\n\t\t\t\t\t\t\t\t\tauto:true,       \n\t\t\t\t\t\t\t\t   \t\t\t\t\t\t\t\t    \n\t\t\t\t\t\t\t\t\tinfiniteLoop: true,\n\t\t\t\t\t\t\t\t   \t\t\t\t\t\t\t\t   \t\t\t\t\t\t\t\t\t captions:true,  \n\t\t\t\t\t\t\t\t   \t\t\t\t\t\t\t\t   \t\t\t\t\t\t\t\t\t pager:false,\n\t\t\t\t\t\t\t\t   \t\t\t\t\t\t\t\t\t onSlideBefore: function(slideElement){\n\t\t\t\t\t\t\t\t\t\t\t\t\t\t\n\t\t\t\t\t\t\t\t\t\tjQuery(slideElement).find('img').each(function(index, elm) {\n\n\t\t\t\t\t\t\t\t\t\t\t\tif(!elm.complete || elm.naturalWidth === 0){\n\n\t\t\t\t\t\t\t\t\t\t\t\t   var toload='';\n\t\t\t\t\t\t\t\t\t\t\t\t   var toloadval='';\n\t\t\t\t\t\t\t\t\t\t\t\t   jQuery.each(elm.attributes, function(i, attrib){\n\n\t\t\t\t\t\t\t\t\t\t\t\t\t   var value = attrib.value;\n\t\t\t\t\t\t\t\t\t\t\t\t\t   var aname=attrib.name;\n\n\t\t\t\t\t\t\t\t\t\t\t\t\t   var pattern = \/^((http|https):\\\/\\\/)\/;\n\n\t\t\t\t\t\t\t\t\t\t\t\t\t   if(pattern.test(value) && aname!='src' && aname.indexOf('data-html5_vurl')==-1) {\n\n\t\t\t\t\t\t\t\t\t\t\t\t\t\t   toload=aname;\n\t\t\t\t\t\t\t\t\t\t\t\t\t\t   toloadval=value;\n\t\t\t\t\t\t\t\t\t\t\t\t\t\t   }\n\t\t\t\t\t\t\t\t\t\t\t\t\t   \/\/ do your magic :-)\n\t\t\t\t\t\t\t\t\t\t\t\t   });\n\n\t\t\t\t\t\t\t\t\t\t\t\t   vsrc= jQuery(elm).attr(\"src\");\n\t\t\t\t\t\t\t\t\t\t\t\t   jQuery(elm).removeAttr(\"src\");\n\t\t\t\t\t\t\t\t\t\t\t\t   dsrc= jQuery(elm).attr(\"data-src\");\n\t\t\t\t\t\t\t\t\t\t\t\t   lsrc= jQuery(elm).attr(\"data-lazy-src\");\n\n\t\t\t\t\t\t\t\t\t\t\t\t   if(dsrc!== undefined && dsrc!='' && dsrc!=vsrc){\n\t\t\t\t\t\t\t\t\t\t\t\t\t\t\tjQuery(elm).attr(\"src\",dsrc);\n\t\t\t\t\t\t\t\t\t\t\t\t\t   }\n\t\t\t\t\t\t\t\t\t\t\t\t\t   else if(lsrc!== undefined && lsrc!=vsrc){\n\n\t\t\t\t\t\t\t\t\t\t\t\t\t\t\tjQuery(elm).attr(\"src\",lsrc);\n\t\t\t\t\t\t\t\t\t\t\t\t\t   }\n\t\t\t\t\t\t\t\t\t\t\t\t\t\telse if(toload!='' && toload!='srcset' && toloadval!='' && toloadval!=vsrc){\n\n\t\t\t\t\t\t\t\t\t\t\t\t\t\t   $(elm).attr(\"src\",toloadval);\n\n\n\t\t\t\t\t\t\t\t\t\t\t\t\t\t   } \n\t\t\t\t\t\t\t\t\t\t\t\t\t   else{\n\n\t\t\t\t\t\t\t\t\t\t\t\t\t\t\tjQuery(elm).attr(\"src\",vsrc);\n\n\t\t\t\t\t\t\t\t\t\t\t\t\t   }   \n\n\t\t\t\t\t\t\t\t\t\t\t\t   elm= jQuery(elm)[0];      \n\t\t\t\t\t\t\t\t\t\t\t\t   if(!elm.complete && elm.naturalHeight == 0){\n\n\t\t\t\t\t\t\t\t\t\t\t\t\t\tjQuery(elm).removeAttr('loading');\n\t\t\t\t\t\t\t\t\t\t\t\t\t\tjQuery(elm).removeAttr('data-lazy-type');\n\n\n\t\t\t\t\t\t\t\t\t\t\t\t\t\tjQuery(elm).removeClass('lazy');\n\n\t\t\t\t\t\t\t\t\t\t\t\t\t\tjQuery(elm).removeClass('lazyLoad');\n\t\t\t\t\t\t\t\t\t\t\t\t\t\tjQuery(elm).removeClass('lazy-loaded');\n\t\t\t\t\t\t\t\t\t\t\t\t\t\tjQuery(elm).removeClass('jetpack-lazy-image');\n\t\t\t\t\t\t\t\t\t\t\t\t\t\tjQuery(elm).removeClass('jetpack-lazy-image--handled');\n\t\t\t\t\t\t\t\t\t\t\t\t\t\tjQuery(elm).removeClass('lazy-hidden');\n\n\t\t\t\t\t\t\t\t\t\t\t   }\n\n\n\t\t\t\t\t\t\t\t\t\t   }\n\n\t\t\t\t\t\t\t\t\t\t});\n\n\t\t\t\t\t\t\t\t  },   \n\t\t\t\t\t\t\t\tonSliderLoad: function(){\n\n\n\t\t\t\t\t\t\t\t}\n\n\n\t\t\t\t\t });\n\n\t\t\t\t\t\t\t \n\t\t\t\t\t\t  \n\t\t\t\t\t\t  \n\t\t\t\t\t\t\t\n\t\t\t\t   }    \n\t\t\t\t}, 100);         \n\t\t\t\t\t\n\t\t\t\t\t\n\t\t\t\t\t  window.addEventListener('load', function() {\n\n\n\t\t\t\t\t\t\t\t\tsetTimeout(function(){ \n\n\t\t\t\t\t\t\t\t\t\t\tif(jQuery(\"#psc_thumnail_slider69ec888db6088\").find('.bx-loading').length>0){\n\n\t\t\t\t\t\t\t\t\t\t\t\t\tjQuery(\"#psc_thumnail_slider69ec888db6088\").find('img').each(function(index, elm) {\n\n\t\t\t\t\t\t\t\t\t\t\t\t\t\t\t if(!elm.complete || elm.naturalWidth === 0){\n\n\t\t\t\t\t\t\t\t\t\t\t\t\t\t\t\tvar toload='';\n\t\t\t\t\t\t\t\t\t\t\t\t\t\t\t\tvar toloadval='';\n\t\t\t\t\t\t\t\t\t\t\t\t\t\t\t\tjQuery.each(this.attributes, function(i, attrib){\n\n\t\t\t\t\t\t\t\t\t\t\t\t\t\t\t\t\t\tvar value = attrib.value;\n\t\t\t\t\t\t\t\t\t\t\t\t\t\t\t\t\t\tvar aname=attrib.name;\n\n\t\t\t\t\t\t\t\t\t\t\t\t\t\t\t\t\t\tvar pattern = \/^((http|https):\\\/\\\/)\/;\n\n\t\t\t\t\t\t\t\t\t\t\t\t\t\t\t\t\t\tif(pattern.test(value) && aname!='src') {\n\n\t\t\t\t\t\t\t\t\t\t\t\t\t\t\t\t\t\t\t\ttoload=aname;\n\t\t\t\t\t\t\t\t\t\t\t\t\t\t\t\t\t\t\t\ttoloadval=value;\n\t\t\t\t\t\t\t\t\t\t\t\t\t\t\t\t\t\t }\n\t\t\t\t\t\t\t\t\t\t\t\t\t\t\t\t\t\t\/\/ do your magic :-)\n\t\t\t\t\t\t\t\t\t\t\t\t\t\t\t\t });\n\n\t\t\t\t\t\t\t\t\t\t\t\t\t\t\t\t\t\tvsrc=jQuery(elm).attr(\"src\");\n\t\t\t\t\t\t\t\t\t\t\t\t\t\t\t\t\t\tjQuery(elm).removeAttr(\"src\");\n\t\t\t\t\t\t\t\t\t\t\t\t\t\t\t\t\t\tdsrc=jQuery(elm).attr(\"data-src\");\n\t\t\t\t\t\t\t\t\t\t\t\t\t\t\t\t\t\tlsrc=jQuery(elm).attr(\"data-lazy-src\");\n\n\n\t\t\t\t\t\t\t\t\t\t\t\t\t\t\t\t\t\t   if(dsrc!== undefined && dsrc!='' && dsrc!=vsrc){\n\t\t\t\t\t\t\t\t\t\t\t\t\t\t\t\t\t\t\t\t\t\t\t\t\t\t jQuery(elm).attr(\"src\",dsrc);\n\t\t\t\t\t\t\t\t\t\t\t\t\t\t\t\t\t\t\t\t}\n\t\t\t\t\t\t\t\t\t\t\t\t\t\t\t\t\t\t\t\telse if(lsrc!== undefined && lsrc!=vsrc){\n\n\t\t\t\t\t\t\t\t\t\t\t\t\t\t\t\t\t\t\t\t\t\t\t\t jQuery(elm).attr(\"src\",lsrc);\n\t\t\t\t\t\t\t\t\t\t\t\t\t\t\t\t\t\t\t\t}\n\t\t\t\t\t\t\t\t\t\t\t\t\t\t\t\t\t\t\t\telse if(toload!='' && toload!='srcset' && toloadval!='' && toloadval!=vsrc){\n\n\t\t\t\t\t\t\t\t\t\t\t\t\t\t\t\t\t\t\t\t\t\tjQuery(elm).removeAttr(toload);\n\t\t\t\t\t\t\t\t\t\t\t\t\t\t\t\t\t\t\t\t\t\tjQuery(elm).attr(\"src\",toloadval);\n\n\n\t\t\t\t\t\t\t\t\t\t\t\t\t\t\t\t\t\t\t\t\t} \n\t\t\t\t\t\t\t\t\t\t\t\t\t\t\t\t\t\t\t\telse{\n\n\t\t\t\t\t\t\t\t\t\t\t\t\t\t\t\t\t\t\t\t\t\t\t\tjQuery(elm).attr(\"src\",vsrc);\n\n\t\t\t\t\t\t\t\t\t\t\t\t\t\t\t\t\t\t   }   \n\n\t\t\t\t\t\t\t\t\t\t\t\t\t\t\t\t\t\telm=jQuery(elm)[0];      \n\t\t\t\t\t\t\t\t\t\t\t\t\t\t\t\t\t\t if(!elm.complete && elm.naturalHeight == 0){\n\n\t\t\t\t\t\t\t\t\t\t\t\t\t\t\t\t\t\t\t\t\t\t jQuery(elm).removeAttr('loading');\n\t\t\t\t\t\t\t\t\t\t\t\t\t\t\t\t\t\t\t\t\t\t jQuery(elm).removeAttr('data-lazy-type');\n\n\n\t\t\t\t\t\t\t\t\t\t\t\t\t\t\t\t\t\t\t\t\t\t jQuery(elm).removeClass('lazy');\n\n\t\t\t\t\t\t\t\t\t\t\t\t\t\t\t\t\t\t\t\t\t\t jQuery(elm).removeClass('lazyLoad');\n\t\t\t\t\t\t\t\t\t\t\t\t\t\t\t\t\t\t\t\t\t\t jQuery(elm).removeClass('lazy-loaded');\n\t\t\t\t\t\t\t\t\t\t\t\t\t\t\t\t\t\t\t\t\t\t jQuery(elm).removeClass('jetpack-lazy-image');\n\t\t\t\t\t\t\t\t\t\t\t\t\t\t\t\t\t\t\t\t\t\t jQuery(elm).removeClass('jetpack-lazy-image--handled');\n\t\t\t\t\t\t\t\t\t\t\t\t\t\t\t\t\t\t\t\t\t\t jQuery(elm).removeClass('lazy-hidden');\n\n\t\t\t\t\t\t\t\t\t\t\t\t\t\t\t\t\t\t}\n\t\t\t\t\t\t\t\t\t\t\t\t\t\t\t }\n\n\t\t\t\t\t\t\t\t\t\t\t\t\t\t}).promise().done( function(){ \n\n\t\t\t\t\t\t\t\t\t\t\t\t\t\t\t\tjQuery(\"#psc_divSliderMain69ec888db608a\").find('.bx-loading').remove();\n\t\t\t\t\t\t\t\t\t\t\t\t\t\t} );\n\n\t\t\t\t\t\t\t\t\t\t\t\t}\n\n\n\t\t\t\t\t\t\t\t\t   }, 6000);\n\n\t\t\t\t\t\t\t});\n\t\t\t\t\t <\/script>         \n\t\t\t\t\t\t\n\t\t\t\t\t<\/div>\n\t\t\t  <\/div>\n\t\t\t<\/div>  \n\t <!-- end psc_print_post_slider_carousel_func -->\n\t \n\n\n\n<p><\/p>\n\n\n\n<p>Como m\u00fasico de tercera generaci\u00f3n y violinista de toda la vida, finalmente he descorrido el tel\u00f3n para revelar la vida de los m\u00fasicos, tanto dentro como fuera del escenario. Aunque muchas de mis historias son ficticias, me baso en experiencias reales para dar vida a los personajes.\u00a0<\/p>\n","protected":false},"excerpt":{"rendered":"<p>Growing up, I always enjoyed hearing my mother Allison Peterson sing this modern classic. This year we collaborated to share it with you all, with violin obbligato.<\/p>\n\n\n\n<p>Mary Did You Know<\/p>\n\n\n\n<figure class=\"wp-block-audio\"><audio controls src=\"https:\/\/www.rescotcreative.com\/wp-content\/uploads\/2024\/08\/Mary-Did-You-Know.mp3\"><\/audio><\/figure>\n\n\n\n<figure class=\"wp-block-image size-full\"><img loading=\"lazy\" decoding=\"async\" width=\"900\" height=\"600\" src=\"https:\/\/www.rescotcreative.com\/wp-content\/uploads\/2024\/12\/IMG_8771.jpg\" alt=\"\" class=\"wp-image-6749\" srcset=\"https:\/\/www.rescotcreative.com\/wp-content\/uploads\/2024\/12\/IMG_8771.jpg 900w, https:\/\/www.rescotcreative.com\/wp-content\/uploads\/2024\/12\/IMG_8771-300x200.jpg 300w, https:\/\/www.rescotcreative.com\/wp-content\/uploads\/2024\/12\/IMG_8771-768x512.jpg 768w\" sizes=\"auto, (max-width: 767px) 89vw, (max-width: 1000px) 54vw, (max-width: 1071px) 543px, 580px\" \/><\/figure>\n\n\n\n<figure class=\"wp-block-image size-full\"><img loading=\"lazy\" decoding=\"async\" width=\"900\" height=\"600\" src=\"https:\/\/www.rescotcreative.com\/wp-content\/uploads\/2024\/12\/IMG_8770.jpg\" alt=\"\" class=\"wp-image-6748\" srcset=\"https:\/\/www.rescotcreative.com\/wp-content\/uploads\/2024\/12\/IMG_8770.jpg 900w, https:\/\/www.rescotcreative.com\/wp-content\/uploads\/2024\/12\/IMG_8770-300x200.jpg 300w, https:\/\/www.rescotcreative.com\/wp-content\/uploads\/2024\/12\/IMG_8770-768x512.jpg 768w\" sizes=\"auto, (max-width: 767px) 89vw, (max-width: 1000px) 54vw, (max-width: 1071px) 543px, 580px\" \/><\/figure>\n\n\n\n<p>What Child is This?<\/p>\n\n\n\n<figure class=\"wp-block-audio\"><audio controls src=\"https:\/\/www.rescotcreative.com\/wp-content\/uploads\/2024\/12\/What-Child-is-This.mp3\"><\/audio><\/figure>\n\n\n\n<figure class=\"wp-block-image size-full\"><img loading=\"lazy\" decoding=\"async\" width=\"900\" height=\"600\" src=\"https:\/\/www.rescotcreative.com\/wp-content\/uploads\/2024\/12\/IMG_8769.jpg\" alt=\"\" class=\"wp-image-6747\" srcset=\"https:\/\/www.rescotcreative.com\/wp-content\/uploads\/2024\/12\/IMG_8769.jpg 900w, https:\/\/www.rescotcreative.com\/wp-content\/uploads\/2024\/12\/IMG_8769-300x200.jpg 300w, https:\/\/www.rescotcreative.com\/wp-content\/uploads\/2024\/12\/IMG_8769-768x512.jpg 768w\" sizes=\"auto, (max-width: 767px) 89vw, (max-width: 1000px) 54vw, (max-width: 1071px) 543px, 580px\" \/><\/figure>&hellip; <a href=\"https:\/\/www.rescotcreative.com\/es\/2024\/12\/27\/mary-did-you-know\/\" class=\"read-more\">Read More... <\/a>","protected":false},"author":1,"featured_media":0,"parent":0,"menu_order":0,"comment_status":"closed","ping_status":"closed","template":"","meta":{"footnotes":""},"class_list":["post-8","page","type-page","status-publish","hentry"],"translation":{"provider":"WPGlobus","version":"3.0.2","language":"es","enabled_languages":["en","es","fr","de","it","br"],"languages":{"en":{"title":true,"content":true,"excerpt":false},"es":{"title":true,"content":true,"excerpt":false},"fr":{"title":true,"content":true,"excerpt":false},"de":{"title":true,"content":true,"excerpt":false},"it":{"title":true,"content":true,"excerpt":false},"br":{"title":true,"content":true,"excerpt":false}}},"post_mailing_queue_ids":[],"_links":{"self":[{"href":"https:\/\/www.rescotcreative.com\/es\/wp-json\/wp\/v2\/pages\/8","targetHints":{"allow":["GET"]}}],"collection":[{"href":"https:\/\/www.rescotcreative.com\/es\/wp-json\/wp\/v2\/pages"}],"about":[{"href":"https:\/\/www.rescotcreative.com\/es\/wp-json\/wp\/v2\/types\/page"}],"author":[{"embeddable":true,"href":"https:\/\/www.rescotcreative.com\/es\/wp-json\/wp\/v2\/users\/1"}],"replies":[{"embeddable":true,"href":"https:\/\/www.rescotcreative.com\/es\/wp-json\/wp\/v2\/comments?post=8"}],"version-history":[{"count":125,"href":"https:\/\/www.rescotcreative.com\/es\/wp-json\/wp\/v2\/pages\/8\/revisions"}],"predecessor-version":[{"id":7151,"href":"https:\/\/www.rescotcreative.com\/es\/wp-json\/wp\/v2\/pages\/8\/revisions\/7151"}],"wp:attachment":[{"href":"https:\/\/www.rescotcreative.com\/es\/wp-json\/wp\/v2\/media?parent=8"}],"curies":[{"name":"wp","href":"https:\/\/api.w.org\/{rel}","templated":true}]}}