{"id":2240,"date":"2021-02-15T23:24:09","date_gmt":"2021-02-16T05:24:09","guid":{"rendered":"https:\/\/www.rescotcreative.com\/?page_id=2240"},"modified":"2026-01-23T16:43:37","modified_gmt":"2026-01-23T22:43:37","slug":"about-the-artist","status":"publish","type":"page","link":"https:\/\/www.rescotcreative.com\/fr\/about\/about-the-artist\/","title":{"rendered":"\u00c0 propos de l\u2019artiste"},"content":{"rendered":"\n<div class=\"wp-block-image\"><figure class=\"alignleft size-medium\"><img loading=\"lazy\" decoding=\"async\" width=\"200\" height=\"300\" src=\"https:\/\/www.rescotcreative.com\/wp-content\/uploads\/2020\/01\/UptownViolins-3998-200x300.jpg\" alt=\"Ashley Rescot profile with acoustic violin\" class=\"wp-image-374\" srcset=\"https:\/\/www.rescotcreative.com\/wp-content\/uploads\/2020\/01\/UptownViolins-3998-200x300.jpg 200w, https:\/\/www.rescotcreative.com\/wp-content\/uploads\/2020\/01\/UptownViolins-3998.jpg 600w\" sizes=\"auto, (max-width: 200px) 100vw, 200px\" \/><figcaption>Photography by Rachel Kabukala<\/figcaption><\/figure><\/div>\n\n\n\n<p>Ashley Rescot est une violoniste professionnelle, une \u00e9ducatrice, une \u00e9crivaine et une boursi\u00e8re Fulbright. Elle dirige son propre studio de violon depuis pr\u00e8s de dix ans. Passionn\u00e9e de musique, de p\u00e9dagogie, de famille, de foi et de langues, elle \u00e9crit sur sa vie de musicienne. Restez \u00e0 l&#8217;\u00e9coute pour son roman musical !<\/p>\n\n\n\n<p>Licence de musique en interpr\u00e9tation du violon<br>Ma\u00eetrise de lettres en litt\u00e9rature fran\u00e7aise<\/p>\n\n\n\n<p>\u00c0 l&#8217;\u00e2ge de deux ans, Ashley a commenc\u00e9 le violon sous la tutelle de sa m\u00e8re. Les concerts en famille avec sa m\u00e8re, ses quatre s\u0153urs, ses tantes, ses cousins et sa grand-m\u00e8re constituent ses plus beaux souvenirs d&#8217;enfance.<\/p>\n\n\n\n<p>Pendant sa derni\u00e8re ann\u00e9e de lyc\u00e9e, Ashley a \u00e9t\u00e9 premier violon de l&#8217;orchestre symphonique de sa jeunesse au Kansas et a remport\u00e9 le concours de concerto des jeunes talents pour jouer en solo avec l&#8217;orchestre. Elle a ensuite d\u00e9m\u00e9nag\u00e9 au Texas pour l&#8217;universit\u00e9 o\u00f9 elle a obtenu une licence de musique en interpr\u00e9tation du violon et des mineures en fran\u00e7ais et en anglais.<\/p>\n\n\n\n<p>En plus du violon, Ashley a d\u00e9velopp\u00e9 une passion pour le fran\u00e7ais, en particulier pour la musique fran\u00e7aise. Elle a pass\u00e9 une ann\u00e9e \u00e0 Paris, en France, en tant que boursi\u00e8re Fulbright, o\u00f9 elle a enseign\u00e9 l&#8217;anglais et collabor\u00e9 avec des musiciens locaux. Cette exp\u00e9rience lui a ouvert les yeux sur une autre culture, ce qui a influenc\u00e9 sa perspective en tant qu&#8217;artiste cr\u00e9ative et \u00e9ducatrice.<\/p>\n\n\n\n<p>Elle est retourn\u00e9e dans le Midwest pour donner des cours de fran\u00e7ais dans les universit\u00e9s et obtenir un Master of Arts en litt\u00e9rature fran\u00e7aise. Apr\u00e8s l&#8217;obtention de son dipl\u00f4me, elle s&#8217;est install\u00e9e dans la grande r\u00e9gion de Chicago o\u00f9 elle a enseign\u00e9 le fran\u00e7ais dans une universit\u00e9 r\u00e9gionale et d\u00e9velopp\u00e9 son studio de violon priv\u00e9. Elle a particip\u00e9 \u00e0 un comit\u00e9 de lecture et a vot\u00e9 pour le Prix Robl\u00e8s, qui r\u00e9compense les premiers romanciers fran\u00e7ais. Ashley a aim\u00e9 assister \u00e0 la c\u00e9r\u00e9monie de remise des prix \u00e0 Blois, en France, en 2013, o\u00f9 elle a rencontr\u00e9 l&#8217;auteur laur\u00e9at qui avait \u00e9crit un roman musical se d\u00e9roulant en Europe pendant la Seconde Guerre mondiale.<\/p>\n\n\n\n<p>Aujourd&#8217;hui, Ashley aime travailler avec ses \u00e9l\u00e8ves, se produire avec sa famille et ses amis, et \u00e9crire sur tout ce qui concerne la musique et le fran\u00e7ais. Elle aime particuli\u00e8rement passer du temps avec son mari et ses deux enfants. Elle est membre du groupe familial Uptown Violins, du Blackwater String Ensemble, de la soci\u00e9t\u00e9 des professeurs de musique de la SSA, de l&#8217;association des \u00e9crivains de l&#8217;ACFW, et est une musicienne active dans son \u00e9glise. En tant qu&#8217;interpr\u00e8te et p\u00e9dagogue chevronn\u00e9e, elle s&#8217;efforce de transmettre son amour de la musique et de la langue \u00e0 la prochaine g\u00e9n\u00e9ration.<\/p>\n","protected":false},"excerpt":{"rendered":"<p>Ashley Rescot est une violoniste professionnelle, une &eacute;ducatrice, une &eacute;crivaine et une boursi&egrave;re Fulbright. Elle dirige son propre studio de violon depuis pr&egrave;s de dix ans. Passionn&eacute;e de musique, de p&eacute;dagogie, de famille, de foi et de langues, elle &eacute;crit sur sa vie de musicienne. Restez &agrave; l&rsquo;&eacute;coute pour son roman musical ! Licence de &hellip; <\/p>\n<p class=\"link-more\"><a href=\"https:\/\/www.rescotcreative.com\/fr\/about\/about-the-artist\/\" class=\"more-link\">Continue reading<span class=\"screen-reader-text\"> &#8220;\u00c0 propos de l\u2019artiste&#8221;<\/span><\/a><\/p>\n","protected":false},"author":2,"featured_media":374,"parent":9,"menu_order":0,"comment_status":"closed","ping_status":"closed","template":"","meta":{"footnotes":""},"class_list":["post-2240","page","type-page","status-publish","has-post-thumbnail","hentry"],"translation":{"provider":"WPGlobus","version":"3.0.2","language":"fr","enabled_languages":["en","es","fr","de","it","br"],"languages":{"en":{"title":true,"content":true,"excerpt":false},"es":{"title":true,"content":true,"excerpt":false},"fr":{"title":true,"content":true,"excerpt":false},"de":{"title":true,"content":true,"excerpt":false},"it":{"title":true,"content":true,"excerpt":false},"br":{"title":true,"content":true,"excerpt":false}}},"post_mailing_queue_ids":[],"_links":{"self":[{"href":"https:\/\/www.rescotcreative.com\/fr\/wp-json\/wp\/v2\/pages\/2240","targetHints":{"allow":["GET"]}}],"collection":[{"href":"https:\/\/www.rescotcreative.com\/fr\/wp-json\/wp\/v2\/pages"}],"about":[{"href":"https:\/\/www.rescotcreative.com\/fr\/wp-json\/wp\/v2\/types\/page"}],"author":[{"embeddable":true,"href":"https:\/\/www.rescotcreative.com\/fr\/wp-json\/wp\/v2\/users\/2"}],"replies":[{"embeddable":true,"href":"https:\/\/www.rescotcreative.com\/fr\/wp-json\/wp\/v2\/comments?post=2240"}],"version-history":[{"count":28,"href":"https:\/\/www.rescotcreative.com\/fr\/wp-json\/wp\/v2\/pages\/2240\/revisions"}],"predecessor-version":[{"id":7006,"href":"https:\/\/www.rescotcreative.com\/fr\/wp-json\/wp\/v2\/pages\/2240\/revisions\/7006"}],"up":[{"embeddable":true,"href":"https:\/\/www.rescotcreative.com\/fr\/wp-json\/wp\/v2\/pages\/9"}],"wp:featuredmedia":[{"embeddable":true,"href":"https:\/\/www.rescotcreative.com\/fr\/wp-json\/wp\/v2\/media\/374"}],"wp:attachment":[{"href":"https:\/\/www.rescotcreative.com\/fr\/wp-json\/wp\/v2\/media?parent=2240"}],"curies":[{"name":"wp","href":"https:\/\/api.w.org\/{rel}","templated":true}]}}