{"id":2390,"date":"2021-02-20T11:12:29","date_gmt":"2021-02-20T17:12:29","guid":{"rendered":"https:\/\/www.rescotcreative.com\/?page_id=2390"},"modified":"2022-08-18T14:15:07","modified_gmt":"2022-08-18T20:15:07","slug":"how-do-i-motivate-my-child-student-to-practice","status":"publish","type":"page","link":"https:\/\/www.rescotcreative.com\/it\/violin-studio\/how-do-i-motivate-my-child-student-to-practice\/","title":{"rendered":"Come posso motivare mio figlio\/studente a praticare il suo strumento?"},"content":{"rendered":"\n<p>Mentre la maggior parte delle persone trovano scoraggiante per motivare anche un bambino a praticare regolarmente, mia madre Allison \u00e8 riuscito a motivare tutte e quattro le mie sorelle e me a praticare quasi ogni giorno dall\u2019et\u00e0 di 3 fino a quando siamo andati al college, tutti noi con borse di studio di violino in mano. Come madre di uno studente di musica in erba, ho voluto scoprire i suoi trucchi del mestiere, non solo come insegnante di violino professionista, ma anche come una mamma impegnata, con tutte le responsabilit\u00e0 che comporta! Scopri i consigli di un insegnante veterano e mamma! https:\/\/www.rescotcreative.com\/violin-studio\/studio-del-violino-101\/embed\/#?secret=XKTH6oemYx<\/p>\n\n\n\n<p><em>Quali sono alcune delle tecniche che usi per motivare i tuoi studenti ad esercitarsi?<\/em><\/p>\n\n\n\n<p>Cerco di renderlo cos\u00ec divertente che i bambini vogliono esercitarsi! Con i bambini in et\u00e0 prescolare e all\u2019inizio della scuola elementare strutturo le lezioni e gli esercizi come se fossero dei giochi, e cerco di mantenere questo atteggiamento il pi\u00f9 a lungo possibile. Tuttavia, realisticamente la maggior parte dei bambini preferirebbe ancora giocare fuori (o ora con i loro telefoni e tablet, ecc.), quindi hanno bisogno anche di una motivazione esterna. Gli studenti hanno bisogno di obiettivi sia a breve che a lungo termine. Gli obiettivi a breve termine comportano piccoli premi, come una caramella dall\u2019insegnante se prendono una A a lezione, o forse potrebbero costruire un pezzo di un puzzle per ogni volta che fanno un passaggio difficile.<\/p>\n\n\n\n<div class=\"wp-block-image\"><figure class=\"alignleft\"><img loading=\"lazy\" decoding=\"async\" width=\"215\" height=\"300\" src=\"https:\/\/www.rescotcreative.com\/wp-content\/uploads\/2020\/01\/Ashley-violin-215x300.jpg\" alt=\"\" class=\"wp-image-486\" srcset=\"https:\/\/www.rescotcreative.com\/wp-content\/uploads\/2020\/01\/Ashley-violin-215x300.jpg 215w, https:\/\/www.rescotcreative.com\/wp-content\/uploads\/2020\/01\/Ashley-violin.jpg 517w\" sizes=\"auto, (max-width: 215px) 100vw, 215px\" \/><\/figure><\/div>\n\n\n\n<p>Faccio anche delle tabelle di adesivi per tenere traccia delle esercitazioni quotidiane degli studenti, che si traducono in premi a lungo termine. Gli obiettivi a lungo termine e i premi devono essere stabiliti con i genitori. Per esempio, se lo studente ha un mese di lezioni A, potrebbe avere una serata speciale di divertimento con mamma o pap\u00e0! \u00c8 meglio che i genitori abbiano qualcosa da offrire, perch\u00e9 sanno cosa potrebbe motivare meglio il loro bambino.<\/p>\n\n\n\n<p>Gli studenti delle scuole medie e superiori dovrebbero capire che devono esercitarsi regolarmente, senza bisogno di ricompense esterne. A questo punto la ricompensa dovrebbe essere la gioia di esibirsi. Anche il suonare in gruppo, comprese le lezioni di gruppo, i campi di musica e le orchestre, aiutano a motivare gli studenti perch\u00e9 ai ragazzi piace l\u2019aspetto sociale del suonare.<\/p>\n\n\n\n<p><em>Cosa hai fatto per motivare i tuoi figli (come me!) a praticare? Hai dovuto adattare la tua tecnica tra gli studenti e i tuoi figli?<\/em><\/p>\n\n\n\n<p>Ho dovuto essere pi\u00f9 severo con i miei figli perch\u00e9 ero il genitore. I genitori di solito lottano con l\u2019atteggiamento dei bambini pi\u00f9 di quanto faccia l\u2019insegnante. Oltre alle tabelle degli obiettivi a breve e lungo termine, avevamo anche tabelle di atteggiamento, dove si poteva ottenere un adesivo per avere un buon atteggiamento. In casa nostra, esercitarsi era una regola familiare non negoziabile come parte della nostra vita quotidiana, proprio come sparecchiare la tavola e raccogliere le stanze. L\u2019aspetto sociale ha sicuramente motivato i miei figli. Ci esibivamo insieme come una famiglia e nessuno voleva sentirsi escluso, cos\u00ec i bambini si motivavano a vicenda per esercitarsi.<\/p>\n\n\n\n<p><em>Che consiglio pu\u00f2 dare ai genitori non musicisti quando lavorano con i loro figli a casa?<\/em><\/p>\n\n\n\n<p>I genitori devono capire che non devono conoscere la musica; devono conoscere il loro bambino. I genitori sanno come motivare i loro figli meglio di chiunque altro, e possono imparare la musica insieme allo studente. Nell\u2019era degli smartphone, i genitori possono anche fare dei video della lezione, il che \u00e8 molto utile!<\/p>\n\n\n\n<p>Una delle grandi cose del metodo Suzuki \u00e8 la sua enfasi sul <a href=\"http:\/\/www.suzukitriangle.com\/about\/\">triangolo genitore\/insegnante\/studente<\/a>. Un buon insegnante dovrebbe mostrarvi i piccoli passi da fare nelle vostre pratiche domestiche. Per usare un\u2019analogia sportiva, l\u2019insegnante \u00e8 l\u2019allenatore, ma il genitore \u00e8 l\u2019allenatore quotidiano. Un altro fattore importante per il successo delle lezioni di musica di vostro figlio \u00e8 il sostegno di entrambi i genitori. Spesso le mamme vengono alle lezioni (anche se non sempre), quindi significa molto per gli studenti quando anche i pap\u00e0 chiedono di sentirli suonare! Ci vogliono anche entrambi i genitori per aiutare a fare in modo che la pratica sia una priorit\u00e0 a casa.<\/p>\n\n\n\n<p><em>A volte sembra che i genitori musicisti siano quelli che fanno pi\u00f9 fatica ad aiutare i loro figli a raggiungere lo stesso livello musicale che loro stessi hanno raggiunto. Che consiglio pu\u00f2 dare loro?<\/em><\/p>\n\n\n\n<div class=\"wp-block-image\"><figure class=\"alignright\"><img loading=\"lazy\" decoding=\"async\" width=\"225\" height=\"300\" src=\"https:\/\/www.rescotcreative.com\/wp-content\/uploads\/2020\/07\/IMG_5624-225x300.jpg\" alt=\"\" class=\"wp-image-1262\" srcset=\"https:\/\/www.rescotcreative.com\/wp-content\/uploads\/2020\/07\/IMG_5624-225x300.jpg 225w, https:\/\/www.rescotcreative.com\/wp-content\/uploads\/2020\/07\/IMG_5624-rotated.jpg 480w\" sizes=\"auto, (max-width: 225px) 100vw, 225px\" \/><\/figure><\/div>\n\n\n\n<p>Credo che sia importante rendere il tempo di pratica dei vostri figli una parte del vostro programma di studio. Quando \u00e8 possibile, organizzate prima le attivit\u00e0 dei vostri figli e poi le lezioni dei vostri studenti. A volte questo richiede un pensiero creativo da parte tua come genitore. Per esempio, ho fatto esercitare i miei figli alle 6:30 ogni mattina prima della scuola, a causa delle lezioni e delle attivit\u00e0 del doposcuola.<\/p>\n\n\n\n<p>Per quanto riguarda gli atteggiamenti, cercate di guardare il quadro generale e usatelo come ispirazione per perseverare nei giorni difficili. Durante gli anni dell\u2019adolescenza, se possibile, fate prendere i vostri figli da un altro insegnante in modo da avere il sostegno di qualcuno che non sia il loro genitore. Venendo da una prospettiva cristiana, il mio obiettivo a lungo termine \u00e8 sempre stato quello di aiutare i miei figli a servire il Signore, che fosse nella musica come me, nella medicina come mio marito, o in qualcosa di completamente diverso da noi. Tuttavia, sapevo che se volevo che i miei figli avessero la possibilit\u00e0 di una carriera musicale, avrebbero dovuto esercitarsi molto per raggiungere l\u2019alto livello di suono richiesto al college. Ho dovuto pensare a lungo termine per perseverare attraverso gli ostacoli a breve termine di atteggiamenti sbagliati, repertorio impegnativo e delusioni musicali. Gli studenti hanno bisogno di buoni leader che li aiutino a perseverare, e spesso i genitori sono la loro pi\u00f9 grande ispirazione!<\/p>\n\n\n\n<p>Considera i <a href=\"https:\/\/www.rescotcreative.com\/books\/book-clubs\/\">Music Book Club <\/a>di Ashley come un aiuto per la motivazione! Dai un\u2019occhiata a <em><a rel=\"noreferrer noopener\" href=\"https:\/\/www.rescotcreative.com\/the-chronicles-of-music-majors-2\/le-cronache-delle-major-musicali\/\" target=\"_blank\">Le Cronache delle Major Musicali <\/a><\/em>per i tuoi studenti giovani adulti. https:\/\/www.rescotcreative.com\/the-chronicles-of-music-majors-2\/le-cronache-delle-major-musicali\/embed\/#?secret=BLEYcS2b3U<\/p>\n\n\n\n<p>Consiglio vivamente <a href=\"http:\/\/www.suzukitriangle.com\/upcoming-online-events\/\">i corsi di Christine Goodner, <\/a>cos\u00ec come le <a href=\"https:\/\/www.mindoverfinger.com\/\">masterclass della dottoressa Ren\u00e9e-Paule Gauthier <\/a>per un\u2019immersione profonda in questo argomento!<\/p>\n","protected":false},"excerpt":{"rendered":"<p>Mentre la maggior parte delle persone trovano scoraggiante per motivare anche un bambino a praticare regolarmente, mia madre Allison &egrave; riuscito a motivare tutte e quattro le mie sorelle e me a praticare quasi ogni giorno dall&rsquo;et&agrave; di 3 fino a quando siamo andati al college, tutti noi con borse di studio di violino in &hellip; <\/p>\n<p class=\"link-more\"><a href=\"https:\/\/www.rescotcreative.com\/it\/violin-studio\/how-do-i-motivate-my-child-student-to-practice\/\" class=\"more-link\">Continue reading<span class=\"screen-reader-text\"> &#8220;Come posso motivare mio figlio\/studente a praticare il suo strumento?&#8221;<\/span><\/a><\/p>\n","protected":false},"author":2,"featured_media":486,"parent":981,"menu_order":0,"comment_status":"closed","ping_status":"closed","template":"","meta":{"footnotes":""},"class_list":["post-2390","page","type-page","status-publish","has-post-thumbnail","hentry"],"translation":{"provider":"WPGlobus","version":"3.0.2","language":"it","enabled_languages":["en","es","fr","de","it","br"],"languages":{"en":{"title":true,"content":true,"excerpt":false},"es":{"title":true,"content":true,"excerpt":false},"fr":{"title":true,"content":true,"excerpt":false},"de":{"title":true,"content":true,"excerpt":false},"it":{"title":true,"content":true,"excerpt":false},"br":{"title":true,"content":true,"excerpt":false}}},"post_mailing_queue_ids":[],"_links":{"self":[{"href":"https:\/\/www.rescotcreative.com\/it\/wp-json\/wp\/v2\/pages\/2390","targetHints":{"allow":["GET"]}}],"collection":[{"href":"https:\/\/www.rescotcreative.com\/it\/wp-json\/wp\/v2\/pages"}],"about":[{"href":"https:\/\/www.rescotcreative.com\/it\/wp-json\/wp\/v2\/types\/page"}],"author":[{"embeddable":true,"href":"https:\/\/www.rescotcreative.com\/it\/wp-json\/wp\/v2\/users\/2"}],"replies":[{"embeddable":true,"href":"https:\/\/www.rescotcreative.com\/it\/wp-json\/wp\/v2\/comments?post=2390"}],"version-history":[{"count":31,"href":"https:\/\/www.rescotcreative.com\/it\/wp-json\/wp\/v2\/pages\/2390\/revisions"}],"predecessor-version":[{"id":6049,"href":"https:\/\/www.rescotcreative.com\/it\/wp-json\/wp\/v2\/pages\/2390\/revisions\/6049"}],"up":[{"embeddable":true,"href":"https:\/\/www.rescotcreative.com\/it\/wp-json\/wp\/v2\/pages\/981"}],"wp:featuredmedia":[{"embeddable":true,"href":"https:\/\/www.rescotcreative.com\/it\/wp-json\/wp\/v2\/media\/486"}],"wp:attachment":[{"href":"https:\/\/www.rescotcreative.com\/it\/wp-json\/wp\/v2\/media?parent=2390"}],"curies":[{"name":"wp","href":"https:\/\/api.w.org\/{rel}","templated":true}]}}