{"id":2544,"date":"2021-03-01T11:29:57","date_gmt":"2021-03-01T17:29:57","guid":{"rendered":"https:\/\/www.rescotcreative.com\/?page_id=2544"},"modified":"2021-03-03T18:22:12","modified_gmt":"2021-03-04T00:22:12","slug":"studio-de-violon-101","status":"publish","type":"page","link":"https:\/\/www.rescotcreative.com\/it\/violin-studio\/studio-de-violon-101\/","title":{"rendered":"Studio de Violon 101"},"content":{"rendered":"\n<figure class=\"wp-block-image size-large\"><img loading=\"lazy\" decoding=\"async\" width=\"900\" height=\"900\" src=\"https:\/\/www.rescotcreative.com\/wp-content\/uploads\/2021\/03\/Violin-Studio-101-FR.png\" alt=\"\" class=\"wp-image-2750\" srcset=\"https:\/\/www.rescotcreative.com\/wp-content\/uploads\/2021\/03\/Violin-Studio-101-FR.png 900w, https:\/\/www.rescotcreative.com\/wp-content\/uploads\/2021\/03\/Violin-Studio-101-FR-300x300.png 300w, https:\/\/www.rescotcreative.com\/wp-content\/uploads\/2021\/03\/Violin-Studio-101-FR-150x150.png 150w, https:\/\/www.rescotcreative.com\/wp-content\/uploads\/2021\/03\/Violin-Studio-101-FR-768x768.png 768w, https:\/\/www.rescotcreative.com\/wp-content\/uploads\/2021\/03\/Violin-Studio-101-FR-100x100.png 100w, https:\/\/www.rescotcreative.com\/wp-content\/uploads\/2021\/03\/Violin-Studio-101-FR-24x24.png 24w, https:\/\/www.rescotcreative.com\/wp-content\/uploads\/2021\/03\/Violin-Studio-101-FR-36x36.png 36w, https:\/\/www.rescotcreative.com\/wp-content\/uploads\/2021\/03\/Violin-Studio-101-FR-48x48.png 48w\" sizes=\"auto, (max-width: 767px) 89vw, (max-width: 1000px) 54vw, (max-width: 1071px) 543px, 580px\" \/><\/figure>\n\n\n\n<p><a rel=\"noreferrer noopener\" href=\"https:\/\/www.instagram.com\/tv\/CLwzugMF1zt\/?utm_source=ig_web_copy_link\" target=\"_blank\">Vid\u00e9o d\u2019introduction<\/a><\/p>\n\n\n\n<div class=\"wp-block-image\"><figure class=\"alignright\"><img loading=\"lazy\" decoding=\"async\" width=\"300\" height=\"200\" src=\"https:\/\/www.rescotcreative.com\/wp-content\/uploads\/2020\/01\/UNADJUSTEDNONRAW_thumb_63bb-300x200.jpg\" alt=\"\" class=\"wp-image-166\" srcset=\"https:\/\/www.rescotcreative.com\/wp-content\/uploads\/2020\/01\/UNADJUSTEDNONRAW_thumb_63bb-300x200.jpg 300w, https:\/\/www.rescotcreative.com\/wp-content\/uploads\/2020\/01\/UNADJUSTEDNONRAW_thumb_63bb-768x512.jpg 768w, https:\/\/www.rescotcreative.com\/wp-content\/uploads\/2020\/01\/UNADJUSTEDNONRAW_thumb_63bb.jpg 900w\" sizes=\"auto, (max-width: 300px) 100vw, 300px\" \/><figcaption>Ashley Rescot<\/figcaption><\/figure><\/div>\n\n\n\n<p>Voulez-vous commencer ou am\u00e9liorer votre studio de violon, mais vous ne savez pas par o\u00f9 commencer ? Le 10 mars, je partagerai GRATUITEMENT mon cours de Studio de violon 101 avec mes abonn\u00e9s. Inscrivez-vous ici, et vous recevrez un lien vers le cours et les traductions du livre \u00e9lectronique le jour de la sortie. Vous pouvez \u00e9galement vous inscrire en rejoignant l&#8217;un de mes groupes What&#8217;sApp :<\/p>\n\n\n\n<figure class=\"wp-block-table\"><table><tbody><tr><td><\/td><td><div class=\"emaillist\" id=\"es_form_f1-n1\"><form action=\"\/it\/wp-json\/wp\/v2\/pages\/2544#es_form_f1-n1\" method=\"post\" class=\"es_subscription_form es_shortcode_form  es_ajax_subscription_form\" id=\"es_subscription_form_6a05ab6a9f29a\" data-source=\"ig-es\" data-form-id=\"1\"><div class=\"es-field-wrap\"><label>Name*<br \/><input type=\"text\" name=\"esfpx_name\" class=\"ig_es_form_field_name\" placeholder=\"\" value=\"\" required=\"required\" \/><\/label><\/div><div class=\"es-field-wrap ig-es-form-field\"><label class=\"es-field-label\">Email*<br \/><input class=\"es_required_field es_txt_email ig_es_form_field_email ig-es-form-input\" type=\"email\" name=\"esfpx_email\" value=\"\" placeholder=\"\" required=\"required\" \/><\/label><\/div><input type=\"hidden\" name=\"esfpx_lists[]\" value=\"0c69ea3514f9\" \/><input type=\"hidden\" name=\"esfpx_form_id\" value=\"1\" \/><input type=\"hidden\" name=\"es\" value=\"subscribe\" \/>\n\t\t\t<input type=\"hidden\" name=\"esfpx_es_form_identifier\" value=\"f1-n1\" \/>\n\t\t\t<input type=\"hidden\" name=\"esfpx_es_email_page\" value=\"2544\" \/>\n\t\t\t<input type=\"hidden\" name=\"esfpx_es_email_page_url\" value=\"https:\/\/www.rescotcreative.com\/it\/violin-studio\/studio-de-violon-101\/\" \/>\n\t\t\t<input type=\"hidden\" name=\"esfpx_status\" value=\"Unconfirmed\" \/>\n\t\t\t<input type=\"hidden\" name=\"esfpx_es-subscribe\" id=\"es-subscribe-6a05ab6a9f29a\" value=\"3fc030eaa7\" \/>\n\t\t\t<label style=\"position:absolute;top:-99999px;left:-99999px;z-index:-99;\" aria-hidden=\"true\"><span hidden>Please leave this field empty.<\/span><input type=\"email\" name=\"esfpx_es_hp_email\" class=\"es_required_field\" tabindex=\"-1\" autocomplete=\"-1\" value=\"\" \/><\/label><input type=\"submit\" name=\"submit\" class=\"es_subscription_form_submit es_submit_button es_textbox_button\" id=\"es_subscription_form_submit_6a05ab6a9f29a\" value=\"Subscribe\" \/><span class=\"es_spinner_image\" id=\"spinner-image\"><img decoding=\"async\" src=\"https:\/\/www.rescotcreative.com\/wp-content\/plugins\/email-subscribers\/lite\/public\/images\/spinner.gif\" alt=\"Loading\" \/><\/span><\/form><span class=\"es_subscription_message \" id=\"es_subscription_message_6a05ab6a9f29a\" role=\"alert\" aria-live=\"assertive\"><\/span><\/div><\/td><\/tr><\/tbody><\/table><\/figure>\n\n\n\n<p><a rel=\"noreferrer noopener\" href=\"https:\/\/chat.whatsapp.com\/GiT0i7DYyCHHefKQlg8rLN\" target=\"_blank\">What\u2019sApp English-speakers\u2019 group<\/a> (You don\u2019t need to be a native speaker to join!) <\/p>\n\n\n\n<p><a rel=\"noreferrer noopener\" href=\"https:\/\/chat.whatsapp.com\/KM1nPsbM0IzHb1ynvvnqya\" target=\"_blank\">What\u2019sApp: groupe des francophones<\/a><\/p>\n\n\n\n<div class=\"wp-block-image\"><figure class=\"alignleft size-medium\"><img loading=\"lazy\" decoding=\"async\" width=\"192\" height=\"300\" src=\"https:\/\/www.rescotcreative.com\/wp-content\/uploads\/2021\/03\/Studio-de-Violon-101-192x300.png\" alt=\"\" class=\"wp-image-2667\" srcset=\"https:\/\/www.rescotcreative.com\/wp-content\/uploads\/2021\/03\/Studio-de-Violon-101-192x300.png 192w, https:\/\/www.rescotcreative.com\/wp-content\/uploads\/2021\/03\/Studio-de-Violon-101-15x24.png 15w, https:\/\/www.rescotcreative.com\/wp-content\/uploads\/2021\/03\/Studio-de-Violon-101-23x36.png 23w, https:\/\/www.rescotcreative.com\/wp-content\/uploads\/2021\/03\/Studio-de-Violon-101-31x48.png 31w, https:\/\/www.rescotcreative.com\/wp-content\/uploads\/2021\/03\/Studio-de-Violon-101.png 512w\" sizes=\"auto, (max-width: 192px) 100vw, 192px\" \/><\/figure><\/div>\n\n\n\n<p><strong><a rel=\"noreferrer noopener\" href=\"https:\/\/www.facebook.com\/groups\/violinstudio101\" target=\"_blank\">Violin Studio 101 Facebook Group<\/a><\/strong><\/p>\n\n\n\n<p><em>1 Zoom session included for English speakers with Ashley<\/em>. You don\u2019t need to be a native speaker to join! Monday, March 29: 10 a.m. Central Time (3 p.m. Universal Time (UTC))<\/p>\n\n\n\n<p><em>1 session de Zoom en groupe incluse pour les francophones avec Ashley<\/em>. (Je parle fran\u00e7ais depuis vingt ans.) mardi, le 30 mars: 15h UTC (Universal Standard Time)<\/p>\n\n\n\n<p><strong>Studio de Violon 101 : Traduction fran\u00e7aise eBook<\/strong> <strong>disponible<\/strong><\/p>\n\n\n\n<figure class=\"wp-block-embed is-type-wp-embed is-provider-rescot-creative wp-block-embed-rescot-creative\"><div class=\"wp-block-embed__wrapper\">\nhttps:\/\/www.rescotcreative.com\/violin-studio\/how-do-i-motivate-my-child-student-to-practice\/comment-motiver-mon-enfant-eleve-a-pratiquer\/\n<\/div><\/figure>\n\n\n\n<figure class=\"wp-block-embed is-type-wp-embed is-provider-rescot-creative wp-block-embed-rescot-creative\"><div class=\"wp-block-embed__wrapper\">\nhttps:\/\/www.rescotcreative.com\/the-chronicles-of-music-majors-2\/les-chroniques-des-majors-de-la-musique\/\n<\/div><\/figure>\n\n\n\n<figure class=\"wp-block-embed is-type-wp-embed is-provider-rescot-creative wp-block-embed-rescot-creative\"><div class=\"wp-block-embed__wrapper\">\nhttps:\/\/www.rescotcreative.com\/about\/a-propos-de-lartiste\/\n<\/div><\/figure>\n","protected":false},"excerpt":{"rendered":"<p>Vid&eacute;o d&rsquo;introduction Voulez-vous commencer ou am&eacute;liorer votre studio de violon, mais vous ne savez pas par o&ugrave; commencer ? Le 10 mars, je partagerai GRATUITEMENT mon cours de Studio de violon 101 avec mes abonn&eacute;s. Inscrivez-vous ici, et vous recevrez un lien vers le cours et les traductions du livre &eacute;lectronique le jour de la &hellip; <\/p>\n<p class=\"link-more\"><a href=\"https:\/\/www.rescotcreative.com\/it\/violin-studio\/studio-de-violon-101\/\" class=\"more-link\">Continue reading<span class=\"screen-reader-text\"> &#8220;Studio de Violon 101&#8221;<\/span><\/a><\/p>\n","protected":false},"author":2,"featured_media":2750,"parent":981,"menu_order":0,"comment_status":"closed","ping_status":"closed","template":"","meta":{"footnotes":""},"class_list":["post-2544","page","type-page","status-publish","has-post-thumbnail","hentry"],"translation":{"provider":"WPGlobus","version":"3.0.2","language":"it","enabled_languages":["en","es","fr","de","it","br"],"languages":{"en":{"title":true,"content":true,"excerpt":false},"es":{"title":false,"content":false,"excerpt":false},"fr":{"title":false,"content":false,"excerpt":false},"de":{"title":false,"content":false,"excerpt":false},"it":{"title":false,"content":false,"excerpt":false},"br":{"title":false,"content":false,"excerpt":false}}},"post_mailing_queue_ids":[],"_links":{"self":[{"href":"https:\/\/www.rescotcreative.com\/it\/wp-json\/wp\/v2\/pages\/2544","targetHints":{"allow":["GET"]}}],"collection":[{"href":"https:\/\/www.rescotcreative.com\/it\/wp-json\/wp\/v2\/pages"}],"about":[{"href":"https:\/\/www.rescotcreative.com\/it\/wp-json\/wp\/v2\/types\/page"}],"author":[{"embeddable":true,"href":"https:\/\/www.rescotcreative.com\/it\/wp-json\/wp\/v2\/users\/2"}],"replies":[{"embeddable":true,"href":"https:\/\/www.rescotcreative.com\/it\/wp-json\/wp\/v2\/comments?post=2544"}],"version-history":[{"count":13,"href":"https:\/\/www.rescotcreative.com\/it\/wp-json\/wp\/v2\/pages\/2544\/revisions"}],"predecessor-version":[{"id":2761,"href":"https:\/\/www.rescotcreative.com\/it\/wp-json\/wp\/v2\/pages\/2544\/revisions\/2761"}],"up":[{"embeddable":true,"href":"https:\/\/www.rescotcreative.com\/it\/wp-json\/wp\/v2\/pages\/981"}],"wp:featuredmedia":[{"embeddable":true,"href":"https:\/\/www.rescotcreative.com\/it\/wp-json\/wp\/v2\/media\/2750"}],"wp:attachment":[{"href":"https:\/\/www.rescotcreative.com\/it\/wp-json\/wp\/v2\/media?parent=2544"}],"curies":[{"name":"wp","href":"https:\/\/api.w.org\/{rel}","templated":true}]}}